{"id":2190,"date":"2019-04-26T07:48:16","date_gmt":"2019-04-26T05:48:16","guid":{"rendered":"http:\/\/www.hak-perg.at\/at\/?page_id=2190"},"modified":"2023-11-15T11:51:20","modified_gmt":"2023-11-15T10:51:20","slug":"leitbild","status":"publish","type":"page","link":"https:\/\/www.hak-perg.at\/at\/leitbild\/","title":{"rendered":"Leitbild"},"content":{"rendered":"<div class=\"fusion-fullwidth fullwidth-box fusion-builder-row-1 nonhundred-percent-fullwidth non-hundred-percent-height-scrolling\" style=\"--awb-border-radius-top-left:0px;--awb-border-radius-top-right:0px;--awb-border-radius-bottom-right:0px;--awb-border-radius-bottom-left:0px;--awb-flex-wrap:wrap;\" ><div class=\"fusion-builder-row fusion-row\"><div class=\"fusion-layout-column fusion_builder_column fusion-builder-column-0 fusion_builder_column_1_6 1_6 fusion-one-sixth fusion-column-first\" style=\"--awb-bg-size:cover;width:16.666666666667%;width:calc(16.666666666667% - ( ( 4% + 4% ) * 0.16666666666667 ) );margin-right: 4%;\"><div class=\"fusion-column-wrapper fusion-column-has-shadow fusion-flex-column-wrapper-legacy\"><div class=\"fusion-clearfix\"><\/div><\/div><\/div><div class=\"fusion-layout-column fusion_builder_column fusion-builder-column-1 fusion_builder_column_2_3 2_3 fusion-two-third\" style=\"--awb-bg-size:cover;width:66.666666666667%;width:calc(66.666666666667% - ( ( 4% + 4% ) * 0.66666666666667 ) );margin-right: 4%;\"><div class=\"fusion-column-wrapper fusion-column-has-shadow fusion-flex-column-wrapper-legacy\"><div class=\"fusion-text fusion-text-1\"><h1>LEITBILD<\/h1>\n<\/div><div class=\"fusion-text fusion-text-2\" style=\"--awb-content-alignment:justify;\"><p>Ausgehend vom Leitbild der kaufm\u00e4nnischen Schulen haben wir f\u00fcr unsere Schule das folgende Leitbild entwickelt. Dieses Leitbild wurde im SGA beschlossen und ist die Basis f\u00fcr all unseren Planungen und Aktivit\u00e4ten.<\/p>\n<h4 class=\"fusion-responsive-typography-calculated\" style=\"--fontsize: 25; line-height: 1.1;\" data-fontsize=\"25\" data-lineheight=\"27.5px\"><strong style=\"color: #ffab00;\">VISION<\/strong><\/h4>\n<p>WIR \u2013 Lehrer\/-innen, Sch\u00fcler\/-innen und Eltern \u2013 sind gemeinsam verantwortlich f\u00fcr eine kontinuierliche und innovative Entwicklung unserer Schule.<\/p>\n<h4 class=\"fusion-responsive-typography-calculated\" style=\"--fontsize: 25; line-height: 1.1;\" data-fontsize=\"25\" data-lineheight=\"27.5px\"><strong style=\"color: #ffab00;\">MISSION<\/strong><\/h4>\n<p><strong style=\"color: #ffab00;\">HILFESTELLUNG<\/strong><strong> \u2013<\/strong> WIR erm\u00f6glichen unseren Absolventen\/-innen durch den Einsatz moderner Technologie den Einstieg in die Arbeitswelt und den Zugang und die Eingangsvoraussetzungen f\u00fcr einen universit\u00e4ren Bildungsweg. WIR f\u00f6rdern die individuellen Talente unserer Sch\u00fcler\/-innen durch blended learning.<\/p>\n<p><strong style=\"color: #ffab00;\">AUSBILDUNG<\/strong><strong> \u2013<\/strong> WIR vermitteln aktuelles kaufm\u00e4nnisches Fachwissen inklusive ausgezeichneter Sprachkompetenz und eine exzellente Allgemeinbildung, erg\u00e4nzt durch umfassende Medienkompetenz. Teamf\u00e4higkeit und soziale Kompetenz sind uns wichtig.<\/p>\n<p><strong style=\"color: #ffab00;\">KOMPETENZ<\/strong><strong> \u2013<\/strong> WIR sind das Kompetenzzentrum f\u00fcr betriebswirtschaftliches und volkswirtschaftliches Know-how. Unser Ausbildungsangebot, Lehrinhalte sowie Lehr- und Lernmethoden orientieren sich am aktuellen Stand von Wirtschaft, Wissenschaft und Forschung.<\/p>\n<p><strong style=\"color: #ffab00;\">PRAXISORIENTIERUNG<\/strong><strong> \u2013<\/strong> WIR kooperieren lokal, regional und international mit Unternehmen. Lebensnaher Unterricht erm\u00f6glicht das Verst\u00e4ndnis komplexer Zusammenh\u00e4nge.<\/p>\n<p><strong style=\"color: #ffab00;\">ENTREPRENEURSHIP-EDUCATION<\/strong><strong> \u2013<\/strong> WIR f\u00f6rdern Individualit\u00e4t und st\u00e4rken Pers\u00f6nlichkeiten. Ziel der Ausbildung sind unternehmerische Kompetenzen wie Selbst\u00e4ndigkeit, Eigenverantwortung, Eigeninitiative, Offenheit f\u00fcr Neuerungen und Entscheidungsfreude.<\/p>\n<p><strong><span style=\"color: #ffab00;\">RESPEKT<\/span> \u2013<\/strong> WIR begegnen uns mit Toleranz und nehmen uns Zeit, den Wert und die Bedeutung derer, die mit uns den Lebensraum Schule teilen, zu sch\u00e4tzen und anzuerkennen.<\/p>\n<p><strong style=\"color: #ffab00;\">GEMEINSCHAFT<\/strong><strong> \u2013<\/strong> WIR gestalten Lernen und Lehren in einer lebendigen, verantwortungsvollen und demokratischen Partnerschaft, in der die uns zur Ausbildung anvertrauten jungen Menschen im Mittelpunkt stehen.<\/p>\n<p><strong><span style=\"color: #ffab00;\">HAK\/HAS PERG<\/span> \u2013<\/strong> WIR sind DIE Wirtschaftsschule im unteren M\u00fchlviertel.<\/p>\n<p><img decoding=\"async\" class=\"lazyload aligncenter size-full wp-image-4627\" src=\"https:\/\/www.hak-perg.at\/at\/wp-content\/uploads\/2023\/11\/Hak_Perg_Banner.png\" data-orig-src=\"https:\/\/www.hak-perg.at\/at\/wp-content\/uploads\/2023\/11\/Hak_Perg_Banner.png\" alt=\"\" width=\"1562\" height=\"231\" srcset=\"data:image\/svg+xml,%3Csvg%20xmlns%3D%27http%3A%2F%2Fwww.w3.org%2F2000%2Fsvg%27%20width%3D%271562%27%20height%3D%27231%27%20viewBox%3D%270%200%201562%20231%27%3E%3Crect%20width%3D%271562%27%20height%3D%27231%27%20fill-opacity%3D%220%22%2F%3E%3C%2Fsvg%3E\" data-srcset=\"https:\/\/www.hak-perg.at\/at\/wp-content\/uploads\/2023\/11\/Hak_Perg_Banner-200x30.png 200w, https:\/\/www.hak-perg.at\/at\/wp-content\/uploads\/2023\/11\/Hak_Perg_Banner-300x44.png 300w, https:\/\/www.hak-perg.at\/at\/wp-content\/uploads\/2023\/11\/Hak_Perg_Banner-338x50.png 338w, https:\/\/www.hak-perg.at\/at\/wp-content\/uploads\/2023\/11\/Hak_Perg_Banner-400x59.png 400w, https:\/\/www.hak-perg.at\/at\/wp-content\/uploads\/2023\/11\/Hak_Perg_Banner-600x89.png 600w, https:\/\/www.hak-perg.at\/at\/wp-content\/uploads\/2023\/11\/Hak_Perg_Banner-768x114.png 768w, https:\/\/www.hak-perg.at\/at\/wp-content\/uploads\/2023\/11\/Hak_Perg_Banner-800x118.png 800w, https:\/\/www.hak-perg.at\/at\/wp-content\/uploads\/2023\/11\/Hak_Perg_Banner-1200x177.png 1200w, https:\/\/www.hak-perg.at\/at\/wp-content\/uploads\/2023\/11\/Hak_Perg_Banner-1320x195.png 1320w, https:\/\/www.hak-perg.at\/at\/wp-content\/uploads\/2023\/11\/Hak_Perg_Banner-1536x227.png 1536w, https:\/\/www.hak-perg.at\/at\/wp-content\/uploads\/2023\/11\/Hak_Perg_Banner.png 1562w\" data-sizes=\"auto\" data-orig-sizes=\"(max-width: 1562px) 100vw, 1562px\" \/><\/p>\n<\/div><div class=\"fusion-clearfix\"><\/div><\/div><\/div><div class=\"fusion-layout-column fusion_builder_column fusion-builder-column-2 fusion_builder_column_1_6 1_6 fusion-one-sixth fusion-column-last\" style=\"--awb-bg-size:cover;width:16.666666666667%;width:calc(16.666666666667% - ( ( 4% + 4% ) * 0.16666666666667 ) );\"><div class=\"fusion-column-wrapper fusion-column-has-shadow fusion-flex-column-wrapper-legacy\"><div class=\"fusion-clearfix\"><\/div><\/div><\/div><\/div><\/div>\n","protected":false},"excerpt":{"rendered":"","protected":false},"author":1,"featured_media":0,"parent":0,"menu_order":0,"comment_status":"closed","ping_status":"closed","template":"","meta":{"inline_featured_image":false,"footnotes":""},"class_list":["post-2190","page","type-page","status-publish","hentry"],"yoast_head":"<!-- This site is optimized with the Yoast SEO plugin v27.4 - https:\/\/yoast.com\/product\/yoast-seo-wordpress\/ -->\n<title>Leitbild - HAK Perg<\/title>\n<meta name=\"robots\" content=\"index, follow, max-snippet:-1, max-image-preview:large, max-video-preview:-1\" \/>\n<link rel=\"canonical\" href=\"https:\/\/www.hak-perg.at\/at\/leitbild\/\" \/>\n<meta property=\"og:locale\" content=\"de_DE\" \/>\n<meta property=\"og:type\" content=\"article\" \/>\n<meta property=\"og:title\" content=\"Leitbild - HAK Perg\" \/>\n<meta property=\"og:url\" content=\"https:\/\/www.hak-perg.at\/at\/leitbild\/\" \/>\n<meta property=\"og:site_name\" content=\"HAK Perg\" \/>\n<meta property=\"article:publisher\" content=\"https:\/\/www.facebook.com\/hakhasperg\" \/>\n<meta property=\"article:modified_time\" content=\"2023-11-15T10:51:20+00:00\" \/>\n<meta property=\"og:image\" content=\"https:\/\/www.hak-perg.at\/at\/wp-content\/uploads\/2023\/11\/Hak_Perg_Banner.png\" \/>\n<meta name=\"twitter:card\" content=\"summary_large_image\" \/>\n<meta name=\"twitter:label1\" content=\"Gesch\u00e4tzte Lesezeit\" \/>\n\t<meta name=\"twitter:data1\" content=\"4\u00a0Minuten\" \/>\n<script type=\"application\/ld+json\" class=\"yoast-schema-graph\">{\"@context\":\"https:\\\/\\\/schema.org\",\"@graph\":[{\"@type\":\"WebPage\",\"@id\":\"https:\\\/\\\/www.hak-perg.at\\\/at\\\/leitbild\\\/\",\"url\":\"https:\\\/\\\/www.hak-perg.at\\\/at\\\/leitbild\\\/\",\"name\":\"Leitbild - HAK Perg\",\"isPartOf\":{\"@id\":\"https:\\\/\\\/www.hak-perg.at\\\/at\\\/#website\"},\"primaryImageOfPage\":{\"@id\":\"https:\\\/\\\/www.hak-perg.at\\\/at\\\/leitbild\\\/#primaryimage\"},\"image\":{\"@id\":\"https:\\\/\\\/www.hak-perg.at\\\/at\\\/leitbild\\\/#primaryimage\"},\"thumbnailUrl\":\"https:\\\/\\\/www.hak-perg.at\\\/at\\\/wp-content\\\/uploads\\\/2023\\\/11\\\/Hak_Perg_Banner.png\",\"datePublished\":\"2019-04-26T05:48:16+00:00\",\"dateModified\":\"2023-11-15T10:51:20+00:00\",\"breadcrumb\":{\"@id\":\"https:\\\/\\\/www.hak-perg.at\\\/at\\\/leitbild\\\/#breadcrumb\"},\"inLanguage\":\"de\",\"potentialAction\":[{\"@type\":\"ReadAction\",\"target\":[\"https:\\\/\\\/www.hak-perg.at\\\/at\\\/leitbild\\\/\"]}]},{\"@type\":\"ImageObject\",\"inLanguage\":\"de\",\"@id\":\"https:\\\/\\\/www.hak-perg.at\\\/at\\\/leitbild\\\/#primaryimage\",\"url\":\"https:\\\/\\\/www.hak-perg.at\\\/at\\\/wp-content\\\/uploads\\\/2023\\\/11\\\/Hak_Perg_Banner.png\",\"contentUrl\":\"https:\\\/\\\/www.hak-perg.at\\\/at\\\/wp-content\\\/uploads\\\/2023\\\/11\\\/Hak_Perg_Banner.png\",\"width\":1562,\"height\":231},{\"@type\":\"BreadcrumbList\",\"@id\":\"https:\\\/\\\/www.hak-perg.at\\\/at\\\/leitbild\\\/#breadcrumb\",\"itemListElement\":[{\"@type\":\"ListItem\",\"position\":1,\"name\":\"Startseite\",\"item\":\"https:\\\/\\\/www.hak-perg.at\\\/at\\\/\"},{\"@type\":\"ListItem\",\"position\":2,\"name\":\"Leitbild\"}]},{\"@type\":\"WebSite\",\"@id\":\"https:\\\/\\\/www.hak-perg.at\\\/at\\\/#website\",\"url\":\"https:\\\/\\\/www.hak-perg.at\\\/at\\\/\",\"name\":\"HAK Perg\",\"description\":\"Bundeshandelsakademie und Bundeshandelsschule Perg\",\"potentialAction\":[{\"@type\":\"SearchAction\",\"target\":{\"@type\":\"EntryPoint\",\"urlTemplate\":\"https:\\\/\\\/www.hak-perg.at\\\/at\\\/?s={search_term_string}\"},\"query-input\":{\"@type\":\"PropertyValueSpecification\",\"valueRequired\":true,\"valueName\":\"search_term_string\"}}],\"inLanguage\":\"de\"}]}<\/script>\n<!-- \/ Yoast SEO plugin. -->","yoast_head_json":{"title":"Leitbild - HAK Perg","robots":{"index":"index","follow":"follow","max-snippet":"max-snippet:-1","max-image-preview":"max-image-preview:large","max-video-preview":"max-video-preview:-1"},"canonical":"https:\/\/www.hak-perg.at\/at\/leitbild\/","og_locale":"de_DE","og_type":"article","og_title":"Leitbild - HAK Perg","og_url":"https:\/\/www.hak-perg.at\/at\/leitbild\/","og_site_name":"HAK Perg","article_publisher":"https:\/\/www.facebook.com\/hakhasperg","article_modified_time":"2023-11-15T10:51:20+00:00","og_image":[{"url":"https:\/\/www.hak-perg.at\/at\/wp-content\/uploads\/2023\/11\/Hak_Perg_Banner.png","type":"","width":"","height":""}],"twitter_card":"summary_large_image","twitter_misc":{"Gesch\u00e4tzte Lesezeit":"4\u00a0Minuten"},"schema":{"@context":"https:\/\/schema.org","@graph":[{"@type":"WebPage","@id":"https:\/\/www.hak-perg.at\/at\/leitbild\/","url":"https:\/\/www.hak-perg.at\/at\/leitbild\/","name":"Leitbild - HAK Perg","isPartOf":{"@id":"https:\/\/www.hak-perg.at\/at\/#website"},"primaryImageOfPage":{"@id":"https:\/\/www.hak-perg.at\/at\/leitbild\/#primaryimage"},"image":{"@id":"https:\/\/www.hak-perg.at\/at\/leitbild\/#primaryimage"},"thumbnailUrl":"https:\/\/www.hak-perg.at\/at\/wp-content\/uploads\/2023\/11\/Hak_Perg_Banner.png","datePublished":"2019-04-26T05:48:16+00:00","dateModified":"2023-11-15T10:51:20+00:00","breadcrumb":{"@id":"https:\/\/www.hak-perg.at\/at\/leitbild\/#breadcrumb"},"inLanguage":"de","potentialAction":[{"@type":"ReadAction","target":["https:\/\/www.hak-perg.at\/at\/leitbild\/"]}]},{"@type":"ImageObject","inLanguage":"de","@id":"https:\/\/www.hak-perg.at\/at\/leitbild\/#primaryimage","url":"https:\/\/www.hak-perg.at\/at\/wp-content\/uploads\/2023\/11\/Hak_Perg_Banner.png","contentUrl":"https:\/\/www.hak-perg.at\/at\/wp-content\/uploads\/2023\/11\/Hak_Perg_Banner.png","width":1562,"height":231},{"@type":"BreadcrumbList","@id":"https:\/\/www.hak-perg.at\/at\/leitbild\/#breadcrumb","itemListElement":[{"@type":"ListItem","position":1,"name":"Startseite","item":"https:\/\/www.hak-perg.at\/at\/"},{"@type":"ListItem","position":2,"name":"Leitbild"}]},{"@type":"WebSite","@id":"https:\/\/www.hak-perg.at\/at\/#website","url":"https:\/\/www.hak-perg.at\/at\/","name":"HAK Perg","description":"Bundeshandelsakademie und Bundeshandelsschule Perg","potentialAction":[{"@type":"SearchAction","target":{"@type":"EntryPoint","urlTemplate":"https:\/\/www.hak-perg.at\/at\/?s={search_term_string}"},"query-input":{"@type":"PropertyValueSpecification","valueRequired":true,"valueName":"search_term_string"}}],"inLanguage":"de"}]}},"_links":{"self":[{"href":"https:\/\/www.hak-perg.at\/at\/wp-json\/wp\/v2\/pages\/2190","targetHints":{"allow":["GET"]}}],"collection":[{"href":"https:\/\/www.hak-perg.at\/at\/wp-json\/wp\/v2\/pages"}],"about":[{"href":"https:\/\/www.hak-perg.at\/at\/wp-json\/wp\/v2\/types\/page"}],"author":[{"embeddable":true,"href":"https:\/\/www.hak-perg.at\/at\/wp-json\/wp\/v2\/users\/1"}],"replies":[{"embeddable":true,"href":"https:\/\/www.hak-perg.at\/at\/wp-json\/wp\/v2\/comments?post=2190"}],"version-history":[{"count":8,"href":"https:\/\/www.hak-perg.at\/at\/wp-json\/wp\/v2\/pages\/2190\/revisions"}],"predecessor-version":[{"id":4633,"href":"https:\/\/www.hak-perg.at\/at\/wp-json\/wp\/v2\/pages\/2190\/revisions\/4633"}],"wp:attachment":[{"href":"https:\/\/www.hak-perg.at\/at\/wp-json\/wp\/v2\/media?parent=2190"}],"curies":[{"name":"wp","href":"https:\/\/api.w.org\/{rel}","templated":true}]}}