{"id":2528,"date":"2020-01-14T09:54:20","date_gmt":"2020-01-14T08:54:20","guid":{"rendered":"http:\/\/www.hak-perg.at\/at\/?page_id=2528"},"modified":"2025-10-03T07:56:16","modified_gmt":"2025-10-03T05:56:16","slug":"anmeldung","status":"publish","type":"page","link":"https:\/\/www.hak-perg.at\/at\/anmeldung\/","title":{"rendered":"Anmeldung"},"content":{"rendered":"<div class=\"fusion-fullwidth fullwidth-box fusion-builder-row-1 nonhundred-percent-fullwidth non-hundred-percent-height-scrolling\" style=\"--awb-border-radius-top-left:0px;--awb-border-radius-top-right:0px;--awb-border-radius-bottom-right:0px;--awb-border-radius-bottom-left:0px;--awb-flex-wrap:wrap;\" ><div class=\"fusion-builder-row fusion-row\"><div class=\"fusion-layout-column fusion_builder_column fusion-builder-column-0 fusion_builder_column_1_1 1_1 fusion-one-full fusion-column-first fusion-column-last\" style=\"--awb-bg-size:cover;\"><div class=\"fusion-column-wrapper fusion-column-has-shadow fusion-flex-column-wrapper-legacy\"><div class=\"fusion-title title fusion-title-1 fusion-title-center fusion-title-text fusion-title-size-one\"><div class=\"title-sep-container title-sep-container-left\"><div class=\"title-sep sep-single sep-solid\" style=\"border-color:#e0dede;\"><\/div><\/div><span class=\"awb-title-spacer\"><\/span><h1 class=\"fusion-title-heading title-heading-center fusion-responsive-typography-calculated\" style=\"margin:0;--fontSize:48;line-height:1.1;\">Anmeldung<\/h1><span class=\"awb-title-spacer\"><\/span><div class=\"title-sep-container title-sep-container-right\"><div class=\"title-sep sep-single sep-solid\" style=\"border-color:#e0dede;\"><\/div><\/div><\/div><div class=\"fusion-align-block\"><a class=\"fusion-button button-flat button-xlarge button-default fusion-button-default button-1 fusion-button-span-yes \" style=\"--button_text_transform:uppercase;\" target=\"_blank\" rel=\"noopener noreferrer\" href=\"https:\/\/www.sokrates-bund.at\/sokrates-stu\/registration?su=411428&amp;sfkz=1\"><span class=\"fusion-button-text awb-button__text awb-button__text--default\">JETZT ANMELDEN<\/span><\/a><\/div><div class=\"fusion-text fusion-text-1\"><h1 class=\"\" style=\"--fontsize: 48; line-height: 1.1;\" data-fontsize=\"48\" data-lineheight=\"52.8px\"><\/h1>\n<p>Sehr geehrte Eltern,<\/p>\n<p>liebe Sch\u00fclerinnen und Sch\u00fcler!<\/p>\n<p>Mit folgendem \u201eFahrplan\u201c m\u00f6chten wir Sie \u00fcber die <strong>Aufnahme in die Handelsakademie bzw. in die Handelsschule<\/strong> im Schuljahr 2026\/27 informieren:<\/p>\n<h3 class=\"\" style=\"--fontsize: 49; line-height: 1.5;\" data-fontsize=\"49\" data-lineheight=\"73.5px\"><strong>Zeitplan<\/strong><\/h3>\n<table width=\"0\">\n<tbody>\n<tr>\n<td valign=\"top\" width=\"163\"><strong>ab 07.01.2026<\/strong><\/td>\n<td width=\"456\"><strong>Vorl\u00e4ufige Anmeldung<\/strong> per Internet (<a href=\"https:\/\/www.sokrates-bund.at\/sokrates-stu\/registration?su=411428&amp;sfkz=1\">www.hak-perg.at<\/a>)<\/td>\n<\/tr>\n<tr>\n<td valign=\"top\" width=\"163\">\n<h1><\/h1>\n<p><strong><span style=\"color: #414549;\">23.02.<\/span><\/strong> <strong><span style=\"color: #414549;\">\u2013<\/span> 06.<span style=\"color: #414549;\">03<\/span>.2026<\/strong><\/p>\n<p><strong>In den Semesterferien ist das Sekretariat geschlossen.<\/strong><\/td>\n<td width=\"456\">\n<h1><\/h1>\n<p><strong>Fixe Anmeldung <\/strong>mit folgenden Unterlagen:<\/p>\n<p>\u00b7 <a href=\"https:\/\/www.hak-perg.at\/at\/wp-content\/uploads\/2025\/10\/Anmeldeformular26-27-NEU.pdf\"><strong style=\"text-decoration-line: underline; text-decoration-color: #ffab00;\">Anmeldebogen<\/strong><\/a><\/p>\n<p>\u00b7 <strong>Schulnachricht <\/strong>(\u201eSemesterzeugnis\u201c) im Original<\/p>\n<p><strong>Achtung! Erst bei Abgabe der Schulnachricht im Original wird die vorl\u00e4ufige Anmeldung rechtsg\u00fcltig!<\/strong><\/p>\n<p>Das Original wird mit dem Anmeldevermerk der Schule versehen und wieder zur\u00fcckgegeben.<\/p>\n<p>\u00b7 <strong>Schulnachricht als Kopie<\/strong><\/p>\n<p>\u00b7 <strong>Jahreszeugnis der 7. Schulstufe als Kopie<\/strong><\/p>\n<p>\u00b7 <strong>Dokumente als Kopie<\/strong><\/p>\n<p>(Geburtsurkunde, Meldezettel, ev. Vormundschaftsdekret)<\/p>\n<p><span style=\"color: #ed003f;\">ACHTUNG:<\/span> \u00dcbermittlung des <b>Kreativ-Videos<\/b>\u00a0(Selbstportr\u00e4t in Videoformat &#8211; max. 2 min) f\u00fcr <b><span style=\"color: #414549;\">HAK MEDIA<\/span><\/b> unter folgendem <a href=\"https:\/\/tinyurl.com\/Kreativ-Video-SJ2627\" target=\"_blank\" rel=\"noopener noreferrer\">Upload-Link<\/a>.\u00a0Wir freuen uns auf ein Video, in dem ihr euch, eure Hobbys etc. vorstellt und uns erkl\u00e4rt, warum ihr unbedingt in die HAK Media gehen wollt.<\/td>\n<\/tr>\n<tr>\n<td valign=\"top\" width=\"163\"><strong>bis 01.04.2026<\/strong><\/td>\n<td width=\"456\"><strong>Schriftliche Verst\u00e4ndigung<\/strong> \u00fcber die vorl\u00e4ufige Aufnahme per E-Mail<\/p>\n<p>Der\/Die Aufnahmewerber\/in wird auf Grund der Schulnachricht vorl\u00e4ufig aufgenommen; letztendlich muss das Jahreszeugnis die Aufnahmevoraussetzungen erf\u00fcllen!<\/td>\n<\/tr>\n<\/tbody>\n<\/table>\n<table width=\"0\">\n<tbody>\n<tr>\n<td valign=\"top\" width=\"158\"><span style=\"color: #ff0000;\"><strong style=\"color: #414549;\">bis 06.07.2026<\/strong><\/span><\/td>\n<td width=\"454\"><strong>Vorlage der Schulerfolgsbest\u00e4tigung<\/strong><\/p>\n<p>(\u00dcbermittlung per E-Mail m\u00f6glich)<\/p>\n<p>Schulerfolgsbest\u00e4tigung = Kopie des Jahreszeugnisses<\/p>\n<p>Die Vorlage gilt gleichzeitig als Anmeldung zu einer ev. erforderlichen Aufnahmepr\u00fcfung \u2013 ohne Vorlage der Schulerfolgsbest\u00e4tigung kann die Aufnahmepr\u00fcfung nicht abgelegt werden!<\/td>\n<\/tr>\n<tr>\n<td valign=\"top\" width=\"158\"><span style=\"color: #ff0000;\"><strong style=\"color: #414549;\">07. \u2013 08.07.2026<\/strong><\/span><\/td>\n<td width=\"454\"><strong>Aufnahmepr\u00fcfung <\/strong>(Haupttermin, schriftlich und m\u00fcndlich)<\/p>\n<p>Lichtbildausweis mitnehmen!<\/td>\n<\/tr>\n<tr>\n<td valign=\"top\" width=\"158\"><strong>10. und 13.07.2026<\/strong><\/p>\n<p><strong>Am 10.07. ist das Sekretariat nur bis 12 Uhr ge\u00f6ffnet.<\/strong><\/td>\n<td width=\"454\"><strong>Annahme des Schulplatzes<\/strong> durch Abgabe des Original-Jahreszeugnisses<\/p>\n<p><strong>Originalzeugnis<\/strong> verbleibt bis Schulbeginn an der Schule.<\/p>\n<p><strong>Schriftliche Verst\u00e4ndigung<\/strong> der Schule \u00fcber die endg\u00fcltige Aufnahme mit Bekanntgabe der Herbsttermine (Schulbeginn).<\/td>\n<\/tr>\n<tr>\n<td valign=\"top\" width=\"158\"><strong>Schulbeginn<\/strong><\/td>\n<td width=\"454\"><strong>Aufnahmepr\u00fcfung<\/strong> (Ersatztermin, schriftlich und m\u00fcndlich)<\/p>\n<p>Nur dann, wenn eine Ablegung im Haupttermin aus pers\u00f6nlichen Gr\u00fcnden (z.B. Krankheit) nicht m\u00f6glich war.<\/td>\n<\/tr>\n<\/tbody>\n<\/table>\n<h2 class=\"\" style=\"--fontsize: 36; line-height: 1.2;\" data-fontsize=\"36\" data-lineheight=\"43.2px\"><\/h2>\n<h3 class=\"\" style=\"--fontsize: 49; line-height: 1.5;\" data-fontsize=\"49\" data-lineheight=\"73.5px\"><strong>Aufnahmebedingungen<\/strong><\/h3>\n<table width=\"0\">\n<tbody>\n<tr>\n<td width=\"95\"><\/td>\n<td width=\"16\"><\/td>\n<td width=\"268\"><strong>Handelsakademie<\/strong><\/td>\n<td width=\"19\"><\/td>\n<td width=\"274\"><strong>Handelsschule<\/strong><\/td>\n<\/tr>\n<tr>\n<td width=\"95\"><strong>AHS<\/strong><\/td>\n<td width=\"16\"><\/td>\n<td width=\"268\">Zeugnis der 8. Schulstufe erfolgreich<\/td>\n<td width=\"19\"><\/td>\n<td width=\"274\">Zeugnis der 8. Schulstufe erfolgreich<\/td>\n<\/tr>\n<tr>\n<td width=\"95\"><strong>BMS | PTS<\/strong><\/td>\n<td width=\"16\"><\/td>\n<td width=\"268\">Zeugnis 9. Schulstufe erfolgreich<\/td>\n<td width=\"19\"><\/td>\n<td width=\"274\">Zeugnis 9. Schulstufe erfolgreich<\/td>\n<\/tr>\n<tr>\n<td width=\"95\"><strong>MS | NMS<\/strong><\/td>\n<td rowspan=\"2\" width=\"16\"><\/td>\n<td rowspan=\"2\" width=\"268\">Zeugnis der 8. Schulstufe erfolgreich<\/p>\n<p><strong>MS:<\/strong> In allen leistungsdifferenzierten Pflichtgegenst\u00e4nden eine Beurteilung gem\u00e4\u00df dem Leistungsniveau \u201eStandard AHS\u201c oder eine Beurteilung gem\u00e4\u00df dem Leistungsniveau \u201eStandard\u201c nicht schlechter als \u201eGut\u201c, sonst Aufnahmepr\u00fcfung<\/p>\n<p><strong>NMS:<\/strong> In allen leistungsdifferenzierten Pflichtgegenst\u00e4nden vertiefte Bildung, bei nur einer grundlegenden Beurteilung: Entscheidung der Klassenkonferenz auf Grund sonstiger Leistungen, sonst Aufnahmepr\u00fcfung<\/td>\n<td rowspan=\"2\" width=\"19\"><\/td>\n<td rowspan=\"2\" width=\"274\">Zeugnis der 8. Schulstufe erfolgreich<\/p>\n<p><strong>MS:<\/strong> In allen leistungsdifferenzierten Pflichtgegenst\u00e4nden eine Beurteilung gem\u00e4\u00df dem Leistungsniveau \u201eStandard AHS\u201c oder eine Beurteilung gem\u00e4\u00df dem Leistungsniveau \u201eStandard\u201c nicht schlechter als \u201eBefriedigend\u201c, sonst Aufnahmepr\u00fcfung<\/p>\n<p><strong>NMS:<\/strong> In allen leistungsdifferenzierten Pflichtgegenst\u00e4nden vertiefte Bildung, bei grundlegender Bildung mindestens Befriedigend, bei nur einer Beurteilung mit \u201eGen\u00fcgend\u201c Entscheidung der Klassenkonferenz auf Grund sonstiger Leistungen, sonst Aufnahmepr\u00fcfung<\/td>\n<\/tr>\n<tr>\n<td width=\"95\"><\/td>\n<\/tr>\n<\/tbody>\n<\/table>\n<\/div><div class=\"fusion-align-block\"><a class=\"fusion-button button-flat button-xlarge button-default fusion-button-default button-2 fusion-button-span-yes \" style=\"--button_text_transform:uppercase;\" target=\"_blank\" rel=\"noopener noreferrer\" href=\"https:\/\/www.sokrates-bund.at\/sokrates-stu\/registration?su=411428&amp;sfkz=1\"><span class=\"fusion-button-text awb-button__text awb-button__text--default\">JETZT ANMELDEN<\/span><\/a><\/div><div class=\"fusion-clearfix\"><\/div><\/div><\/div><\/div><\/div>\n","protected":false},"excerpt":{"rendered":"","protected":false},"author":2,"featured_media":0,"parent":0,"menu_order":0,"comment_status":"closed","ping_status":"closed","template":"","meta":{"inline_featured_image":false,"footnotes":""},"class_list":["post-2528","page","type-page","status-publish","hentry"],"yoast_head":"<!-- This site is optimized with the Yoast SEO plugin v27.4 - https:\/\/yoast.com\/product\/yoast-seo-wordpress\/ -->\n<title>Anmeldung - HAK Perg<\/title>\n<meta name=\"robots\" content=\"index, follow, max-snippet:-1, max-image-preview:large, max-video-preview:-1\" \/>\n<link rel=\"canonical\" href=\"https:\/\/www.hak-perg.at\/at\/anmeldung\/\" \/>\n<meta property=\"og:locale\" content=\"de_DE\" \/>\n<meta property=\"og:type\" content=\"article\" \/>\n<meta property=\"og:title\" content=\"Anmeldung - HAK Perg\" \/>\n<meta property=\"og:url\" content=\"https:\/\/www.hak-perg.at\/at\/anmeldung\/\" \/>\n<meta property=\"og:site_name\" content=\"HAK Perg\" \/>\n<meta property=\"article:publisher\" content=\"https:\/\/www.facebook.com\/hakhasperg\" \/>\n<meta property=\"article:modified_time\" content=\"2025-10-03T05:56:16+00:00\" \/>\n<meta name=\"twitter:card\" content=\"summary_large_image\" \/>\n<meta name=\"twitter:label1\" content=\"Gesch\u00e4tzte Lesezeit\" \/>\n\t<meta name=\"twitter:data1\" content=\"3\u00a0Minuten\" \/>\n<script type=\"application\/ld+json\" class=\"yoast-schema-graph\">{\"@context\":\"https:\\\/\\\/schema.org\",\"@graph\":[{\"@type\":\"WebPage\",\"@id\":\"https:\\\/\\\/www.hak-perg.at\\\/at\\\/anmeldung\\\/\",\"url\":\"https:\\\/\\\/www.hak-perg.at\\\/at\\\/anmeldung\\\/\",\"name\":\"Anmeldung - HAK Perg\",\"isPartOf\":{\"@id\":\"https:\\\/\\\/www.hak-perg.at\\\/at\\\/#website\"},\"datePublished\":\"2020-01-14T08:54:20+00:00\",\"dateModified\":\"2025-10-03T05:56:16+00:00\",\"breadcrumb\":{\"@id\":\"https:\\\/\\\/www.hak-perg.at\\\/at\\\/anmeldung\\\/#breadcrumb\"},\"inLanguage\":\"de\",\"potentialAction\":[{\"@type\":\"ReadAction\",\"target\":[\"https:\\\/\\\/www.hak-perg.at\\\/at\\\/anmeldung\\\/\"]}]},{\"@type\":\"BreadcrumbList\",\"@id\":\"https:\\\/\\\/www.hak-perg.at\\\/at\\\/anmeldung\\\/#breadcrumb\",\"itemListElement\":[{\"@type\":\"ListItem\",\"position\":1,\"name\":\"Startseite\",\"item\":\"https:\\\/\\\/www.hak-perg.at\\\/at\\\/\"},{\"@type\":\"ListItem\",\"position\":2,\"name\":\"Anmeldung\"}]},{\"@type\":\"WebSite\",\"@id\":\"https:\\\/\\\/www.hak-perg.at\\\/at\\\/#website\",\"url\":\"https:\\\/\\\/www.hak-perg.at\\\/at\\\/\",\"name\":\"HAK Perg\",\"description\":\"Bundeshandelsakademie und Bundeshandelsschule Perg\",\"potentialAction\":[{\"@type\":\"SearchAction\",\"target\":{\"@type\":\"EntryPoint\",\"urlTemplate\":\"https:\\\/\\\/www.hak-perg.at\\\/at\\\/?s={search_term_string}\"},\"query-input\":{\"@type\":\"PropertyValueSpecification\",\"valueRequired\":true,\"valueName\":\"search_term_string\"}}],\"inLanguage\":\"de\"}]}<\/script>\n<!-- \/ Yoast SEO plugin. -->","yoast_head_json":{"title":"Anmeldung - HAK Perg","robots":{"index":"index","follow":"follow","max-snippet":"max-snippet:-1","max-image-preview":"max-image-preview:large","max-video-preview":"max-video-preview:-1"},"canonical":"https:\/\/www.hak-perg.at\/at\/anmeldung\/","og_locale":"de_DE","og_type":"article","og_title":"Anmeldung - HAK Perg","og_url":"https:\/\/www.hak-perg.at\/at\/anmeldung\/","og_site_name":"HAK Perg","article_publisher":"https:\/\/www.facebook.com\/hakhasperg","article_modified_time":"2025-10-03T05:56:16+00:00","twitter_card":"summary_large_image","twitter_misc":{"Gesch\u00e4tzte Lesezeit":"3\u00a0Minuten"},"schema":{"@context":"https:\/\/schema.org","@graph":[{"@type":"WebPage","@id":"https:\/\/www.hak-perg.at\/at\/anmeldung\/","url":"https:\/\/www.hak-perg.at\/at\/anmeldung\/","name":"Anmeldung - HAK Perg","isPartOf":{"@id":"https:\/\/www.hak-perg.at\/at\/#website"},"datePublished":"2020-01-14T08:54:20+00:00","dateModified":"2025-10-03T05:56:16+00:00","breadcrumb":{"@id":"https:\/\/www.hak-perg.at\/at\/anmeldung\/#breadcrumb"},"inLanguage":"de","potentialAction":[{"@type":"ReadAction","target":["https:\/\/www.hak-perg.at\/at\/anmeldung\/"]}]},{"@type":"BreadcrumbList","@id":"https:\/\/www.hak-perg.at\/at\/anmeldung\/#breadcrumb","itemListElement":[{"@type":"ListItem","position":1,"name":"Startseite","item":"https:\/\/www.hak-perg.at\/at\/"},{"@type":"ListItem","position":2,"name":"Anmeldung"}]},{"@type":"WebSite","@id":"https:\/\/www.hak-perg.at\/at\/#website","url":"https:\/\/www.hak-perg.at\/at\/","name":"HAK Perg","description":"Bundeshandelsakademie und Bundeshandelsschule Perg","potentialAction":[{"@type":"SearchAction","target":{"@type":"EntryPoint","urlTemplate":"https:\/\/www.hak-perg.at\/at\/?s={search_term_string}"},"query-input":{"@type":"PropertyValueSpecification","valueRequired":true,"valueName":"search_term_string"}}],"inLanguage":"de"}]}},"_links":{"self":[{"href":"https:\/\/www.hak-perg.at\/at\/wp-json\/wp\/v2\/pages\/2528","targetHints":{"allow":["GET"]}}],"collection":[{"href":"https:\/\/www.hak-perg.at\/at\/wp-json\/wp\/v2\/pages"}],"about":[{"href":"https:\/\/www.hak-perg.at\/at\/wp-json\/wp\/v2\/types\/page"}],"author":[{"embeddable":true,"href":"https:\/\/www.hak-perg.at\/at\/wp-json\/wp\/v2\/users\/2"}],"replies":[{"embeddable":true,"href":"https:\/\/www.hak-perg.at\/at\/wp-json\/wp\/v2\/comments?post=2528"}],"version-history":[{"count":71,"href":"https:\/\/www.hak-perg.at\/at\/wp-json\/wp\/v2\/pages\/2528\/revisions"}],"predecessor-version":[{"id":4966,"href":"https:\/\/www.hak-perg.at\/at\/wp-json\/wp\/v2\/pages\/2528\/revisions\/4966"}],"wp:attachment":[{"href":"https:\/\/www.hak-perg.at\/at\/wp-json\/wp\/v2\/media?parent=2528"}],"curies":[{"name":"wp","href":"https:\/\/api.w.org\/{rel}","templated":true}]}}