{"id":2777,"date":"2020-10-09T17:37:01","date_gmt":"2020-10-09T15:37:01","guid":{"rendered":"https:\/\/www.hak-perg.at\/at\/?page_id=2777"},"modified":"2020-10-09T17:38:24","modified_gmt":"2020-10-09T15:38:24","slug":"broschueren","status":"publish","type":"page","link":"https:\/\/www.hak-perg.at\/at\/broschueren\/","title":{"rendered":"Brosch\u00fcren"},"content":{"rendered":"<div class=\"fusion-fullwidth fullwidth-box fusion-builder-row-1 fusion-flex-container nonhundred-percent-fullwidth non-hundred-percent-height-scrolling\" style=\"--awb-border-radius-top-left:0px;--awb-border-radius-top-right:0px;--awb-border-radius-bottom-right:0px;--awb-border-radius-bottom-left:0px;--awb-flex-wrap:wrap;\" ><div class=\"fusion-builder-row fusion-row fusion-flex-align-items-flex-start fusion-flex-content-wrap\" style=\"max-width:1144px;margin-left: calc(-4% \/ 2 );margin-right: calc(-4% \/ 2 );\"><div class=\"fusion-layout-column fusion_builder_column fusion-builder-column-0 fusion_builder_column_1_1 1_1 fusion-flex-column\" style=\"--awb-bg-size:cover;--awb-width-large:100%;--awb-margin-top-large:0px;--awb-spacing-right-large:1.92%;--awb-margin-bottom-large:0px;--awb-spacing-left-large:1.92%;--awb-width-medium:100%;--awb-order-medium:0;--awb-spacing-right-medium:1.92%;--awb-spacing-left-medium:1.92%;--awb-width-small:100%;--awb-order-small:0;--awb-spacing-right-small:1.92%;--awb-spacing-left-small:1.92%;\"><div class=\"fusion-column-wrapper fusion-column-has-shadow fusion-flex-justify-content-flex-start fusion-content-layout-column\">\n<div class=\"fusion-slider-revolution rev_slider_wrapper\">\t\t\t<!-- START BROSCHUREEN REVOLUTION SLIDER 6.7.40 --><p class=\"rs-p-wp-fix\"><\/p>\n\t\t\t<rs-module-wrap id=\"rev_slider_76_1_wrapper\" data-source=\"gallery\" style=\"visibility:hidden;background:#ffab00;padding:0;\">\n\t\t\t\t<rs-module id=\"rev_slider_76_1\" style=\"\" data-version=\"6.7.40\">\n\t\t\t\t\t<rs-slides style=\"overflow: hidden; position: absolute;\">\n\t\t\t\t\t\t<rs-slide style=\"position: absolute;\" data-key=\"rs-157\" data-title=\"Slide\" data-anim=\"adpr:false;\" data-in=\"o:0;\" data-out=\"a:false;\" data-rsparticles='{\"responsive\":false,\"fback\":false,\"particles\":{\"size\":1,\"sizeMin\":0.1},\"styles\":{\"lines\":{\"enable\":true,\"color\":\"#ffab00\",\"width\":3,\"opacity\":60},\"particle\":{\"ocolor\":false,\"color\":\"#ffab00\",\"opacity\":60,\"opacityMin\":20}},\"movement\":{\"speed\":5,\"speedMin\":4,\"straight\":false},\"interactivity\":{\"hoverMode\":\"repulse\"},\"grab\":{\"crawl\":false,\"crawlMaxLines\":5},\"attract\":{\"distance\":200,\"force\":10},\"pulse\":{\"size\":{\"min\":0.5},\"opacity\":{\"speed\":7,\"min\":10}},\"physics\":{\"gravity\":0,\"minGravity\":0,\"gravityDir\":\"bottom\",\"damping\":70,\"hDrift\":0,\"vDrift\":0},\"enable\":true,\"hideOnMobile\":true}'>\n\t\t\t\t\t\t\t<img decoding=\"async\" src=\"\/\/www.hak-perg.at\/at\/wp-content\/plugins\/revslider\/sr6\/assets\/assets\/dummy.png\" alt=\"\" title=\"background-whitelines\" width=\"800\" height=\"534\" class=\"rev-slidebg tp-rs-img rs-lazyload\" data-lazyload=\"\/\/www.hak-perg.at\/at\/wp-content\/uploads\/2020\/10\/background-whitelines-800x534.jpg\" data-no-retina>\n<!--\n\t\t\t\t\t\t\t--><rs-layer\n\t\t\t\t\t\t\t\tid=\"slider-76-slide-157-layer-0\" \n\t\t\t\t\t\t\t\tdata-type=\"text\"\n\t\t\t\t\t\t\t\tdata-color=\"#ffab00\"\n\t\t\t\t\t\t\t\tdata-rsp_ch=\"on\"\n\t\t\t\t\t\t\t\tdata-xy=\"x:c;y:m;yo:105px,105px,105px,71px;\"\n\t\t\t\t\t\t\t\tdata-text=\"w:normal;s:80,80,80,40;l:90,90,90,60;ls:-4,-4,-4,-1;fw:800;a:center;\"\n\t\t\t\t\t\t\t\tdata-dim=\"minh:0px,0px,0px,none;\"\n\t\t\t\t\t\t\t\tdata-frame_999=\"o:0;st:w;\"\n\t\t\t\t\t\t\t\tstyle=\"z-index:9;font-family:'Poppins';\"\n\t\t\t\t\t\t\t>SCHULE DES HANDELNS \n\t\t\t\t\t\t\t<\/rs-layer><!--\n\n\t\t\t\t\t\t\t--><rs-layer\n\t\t\t\t\t\t\t\tid=\"slider-76-slide-157-layer-1\" \n\t\t\t\t\t\t\t\tdata-type=\"text\"\n\t\t\t\t\t\t\t\tdata-color=\"#424242\"\n\t\t\t\t\t\t\t\tdata-rsp_ch=\"on\"\n\t\t\t\t\t\t\t\tdata-xy=\"x:c;xo:-5px,-5px,-5px,0;yo:38px,38px,38px,27px;\"\n\t\t\t\t\t\t\t\tdata-text=\"w:normal;s:20,20,20,16;l:50,50,50,20;fw:500;a:center;\"\n\t\t\t\t\t\t\t\tdata-dim=\"minh:0px,0px,0px,none;\"\n\t\t\t\t\t\t\t\tdata-frame_999=\"o:0;st:w;\"\n\t\t\t\t\t\t\t\tstyle=\"z-index:10;font-family:'Roboto';text-transform:uppercase;\"\n\t\t\t\t\t\t\t>Hier kannst du alle unterlagen \u00fcber unsere Schule downloaden \n\t\t\t\t\t\t\t<\/rs-layer><!--\n\n\t\t\t\t\t\t\t--><a\n\t\t\t\t\t\t\t\tid=\"slider-76-slide-157-layer-2\" \n\t\t\t\t\t\t\t\tclass=\"rs-layer rev-btn\"\n\t\t\t\t\t\t\t\thref=\"https:\/\/www.hak-perg.at\/at\/wp-content\/uploads\/2021\/12\/HAS-2021-AUFNAHME.pdf\" target=\"_blank\" rel=\"nofollow noopener\"\n\t\t\t\t\t\t\t\tdata-type=\"button\"\n\t\t\t\t\t\t\t\tdata-color=\"#ffab00\"\n\t\t\t\t\t\t\t\tdata-rsp_ch=\"on\"\n\t\t\t\t\t\t\t\tdata-xy=\"x:c;yo:576px,576px,576px,461px;\"\n\t\t\t\t\t\t\t\tdata-text=\"w:normal;s:25,25,25,30;l:50,50,50,35;fw:500;a:left,left,left,center;\"\n\t\t\t\t\t\t\t\tdata-dim=\"w:auto,auto,auto,344px;minh:0px,0px,0px,none;\"\n\t\t\t\t\t\t\t\tdata-padding=\"r:25,25,25,10;l:25,25,25,10;\"\n\t\t\t\t\t\t\t\tdata-border=\"bos:solid;boc:rgba(255,255,255,0.35);bow:1px,1px,1px,1px;\"\n\t\t\t\t\t\t\t\tdata-frame_999=\"o:0;st:w;\"\n\t\t\t\t\t\t\t\tdata-frame_hover=\"c:#fff;bgc:#ffab00;boc:rgba(255,255,255,0.75);bor:0px,0px,0px,0px;bos:solid;bow:1px,1px,1px,1px;e:power1.inOut;\"\n\t\t\t\t\t\t\t\tstyle=\"z-index:14;background-color:#ffffff;font-family:'Roboto';\"\n\t\t\t\t\t\t\t>STUNDENTAFEL & ANMELDEKRITERIEN \n\t\t\t\t\t\t\t<\/a><!--\n\n\t\t\t\t\t\t\t--><a\n\t\t\t\t\t\t\t\tid=\"slider-76-slide-157-layer-3\" \n\t\t\t\t\t\t\t\tclass=\"rs-layer rev-btn\"\n\t\t\t\t\t\t\t\thref=\"https:\/\/www.hak-perg.at\/at\/wp-content\/uploads\/2021\/12\/HAS-2021-Broschuere.pdf\" target=\"_blank\" rel=\"nofollow noopener\"\n\t\t\t\t\t\t\t\tdata-type=\"button\"\n\t\t\t\t\t\t\t\tdata-color=\"#ffab00\"\n\t\t\t\t\t\t\t\tdata-rsp_ch=\"on\"\n\t\t\t\t\t\t\t\tdata-xy=\"x:c;xo:0,0,0,-2px;yo:517px,517px,517px,417px;\"\n\t\t\t\t\t\t\t\tdata-text=\"w:normal;s:30;l:50,50,50,35;fw:500;a:left,left,left,center;\"\n\t\t\t\t\t\t\t\tdata-dim=\"minh:0px,0px,0px,none;\"\n\t\t\t\t\t\t\t\tdata-padding=\"r:25,25,25,10;l:25,25,25,10;\"\n\t\t\t\t\t\t\t\tdata-border=\"bos:solid;boc:rgba(255,255,255,0.35);bow:1px,1px,1px,1px;\"\n\t\t\t\t\t\t\t\tdata-frame_999=\"o:0;st:w;\"\n\t\t\t\t\t\t\t\tdata-frame_hover=\"c:#fff;bgc:#ffab00;boc:rgba(255,255,255,0.75);bor:0px,0px,0px,0px;bos:solid;bow:1px,1px,1px,1px;e:power1.inOut;\"\n\t\t\t\t\t\t\t\tstyle=\"z-index:12;background-color:#ffffff;font-family:'Roboto';\"\n\t\t\t\t\t\t\t>BROSCH\u00dcRE \n\t\t\t\t\t\t\t<\/a><!--\n\n\t\t\t\t\t\t\t--><rs-layer\n\t\t\t\t\t\t\t\tid=\"slider-76-slide-157-layer-4\" \n\t\t\t\t\t\t\t\tdata-type=\"text\"\n\t\t\t\t\t\t\t\tdata-color=\"#ffab00\"\n\t\t\t\t\t\t\t\tdata-rsp_ch=\"on\"\n\t\t\t\t\t\t\t\tdata-xy=\"x:c;y:m;yo:-151px,-151px,-151px,-189px;\"\n\t\t\t\t\t\t\t\tdata-text=\"w:normal;s:80,80,80,40;l:90,90,90,60;ls:-4,-4,-4,-1;fw:800;a:center;\"\n\t\t\t\t\t\t\t\tdata-dim=\"minh:0px,0px,0px,none;\"\n\t\t\t\t\t\t\t\tdata-frame_999=\"o:0;st:w;\"\n\t\t\t\t\t\t\t\tstyle=\"z-index:8;font-family:'Poppins';\"\n\t\t\t\t\t\t\t>HANDELSAKADEMIE \n\t\t\t\t\t\t\t<\/rs-layer><!--\n\n\t\t\t\t\t\t\t--><a\n\t\t\t\t\t\t\t\tid=\"slider-76-slide-157-layer-5\" \n\t\t\t\t\t\t\t\tclass=\"rs-layer rev-btn\"\n\t\t\t\t\t\t\t\thref=\"https:\/\/www.hak-perg.at\/at\/wp-content\/uploads\/2025\/09\/Broschuere_HAKStundentafel_2025.pdf\" target=\"_blank\" rel=\"nofollow noopener\"\n\t\t\t\t\t\t\t\tdata-type=\"button\"\n\t\t\t\t\t\t\t\tdata-color=\"#ffab00\"\n\t\t\t\t\t\t\t\tdata-rsp_ch=\"on\"\n\t\t\t\t\t\t\t\tdata-xy=\"x:c;yo:250px,250px,250px,150px;\"\n\t\t\t\t\t\t\t\tdata-text=\"w:normal;s:30;l:50,50,50,35;fw:500;a:left,left,left,center;\"\n\t\t\t\t\t\t\t\tdata-dim=\"minh:0px,0px,0px,none;\"\n\t\t\t\t\t\t\t\tdata-padding=\"r:25,25,25,10;l:25,25,25,10;\"\n\t\t\t\t\t\t\t\tdata-border=\"bos:solid;boc:rgba(255,255,255,0.35);bow:1px,1px,1px,1px;\"\n\t\t\t\t\t\t\t\tdata-frame_999=\"o:0;st:w;\"\n\t\t\t\t\t\t\t\tdata-frame_hover=\"c:#fff;bgc:#ffab00;boc:rgba(255,255,255,0.75);bor:0px,0px,0px,0px;bos:solid;bow:1px,1px,1px,1px;e:power1.inOut;\"\n\t\t\t\t\t\t\t\tstyle=\"z-index:11;background-color:#ffffff;font-family:'Roboto';\"\n\t\t\t\t\t\t\t>BROSCH\u00dcRE \n\t\t\t\t\t\t\t<\/a><!--\n\n\t\t\t\t\t\t\t--><a\n\t\t\t\t\t\t\t\tid=\"slider-76-slide-157-layer-6\" \n\t\t\t\t\t\t\t\tclass=\"rs-layer rev-btn\"\n\t\t\t\t\t\t\t\thref=\"https:\/\/www.hak-perg.at\/at\/wp-content\/uploads\/2025\/09\/HAK-Stundentafel_2025.pdf\" target=\"_blank\" rel=\"nofollow noopener\"\n\t\t\t\t\t\t\t\tdata-type=\"button\"\n\t\t\t\t\t\t\t\tdata-color=\"#ffab00\"\n\t\t\t\t\t\t\t\tdata-rsp_ch=\"on\"\n\t\t\t\t\t\t\t\tdata-xy=\"x:c;xo:0,0,0,-6px;yo:313px,313px,313px,195px;\"\n\t\t\t\t\t\t\t\tdata-text=\"w:normal;s:25,25,25,30;l:50,50,50,35;fw:500;a:left,left,left,center;\"\n\t\t\t\t\t\t\t\tdata-dim=\"w:auto,auto,auto,334px;minh:0px,0px,0px,none;\"\n\t\t\t\t\t\t\t\tdata-padding=\"r:25,25,25,10;l:25,25,25,10;\"\n\t\t\t\t\t\t\t\tdata-border=\"bos:solid;boc:rgba(255,255,255,0.35);bow:1px,1px,1px,1px;\"\n\t\t\t\t\t\t\t\tdata-frame_999=\"o:0;st:w;\"\n\t\t\t\t\t\t\t\tdata-frame_hover=\"c:#fff;bgc:#ffab00;boc:rgba(255,255,255,0.75);bor:0px,0px,0px,0px;bos:solid;bow:1px,1px,1px,1px;e:power1.inOut;\"\n\t\t\t\t\t\t\t\tstyle=\"z-index:13;background-color:#ffffff;font-family:'Roboto';\"\n\t\t\t\t\t\t\t>STUNDENTAFEL & ANMELDEKRITERIEN \n\t\t\t\t\t\t\t<\/a><!--\n-->\t\t\t\t\t<\/rs-slide>\n\t\t\t\t\t<\/rs-slides>\n\t\t\t\t<\/rs-module>\n\t\t\t\t<script data-jetpack-boost=\"ignore\">\n\t\t\t\t\tsetREVStartSize({c: 'rev_slider_76_1',rl:[1240,1240,1240,480],el:[700,700,700,600],gw:[1240,1240,1240,480],gh:[700,700,700,600],type:'standard',justify:'',layout:'fullscreen',offsetContainer:'',offset:'',mh:\"0\"});if (window.RS_MODULES!==undefined && window.RS_MODULES.modules!==undefined && window.RS_MODULES.modules[\"revslider761\"]!==undefined) {window.RS_MODULES.modules[\"revslider761\"].once = false;window.revapi76 = undefined;if (window.RS_MODULES.checkMinimal!==undefined) window.RS_MODULES.checkMinimal()}\n\t\t\t\t<\/script>\n\t\t\t<\/rs-module-wrap>\n\t\t\t<!-- END REVOLUTION SLIDER -->\n<\/div><\/div><\/div><\/div><\/div>\n","protected":false},"excerpt":{"rendered":"","protected":false},"author":3,"featured_media":0,"parent":0,"menu_order":0,"comment_status":"closed","ping_status":"closed","template":"100-width.php","meta":{"inline_featured_image":false,"footnotes":""},"class_list":["post-2777","page","type-page","status-publish","hentry"],"yoast_head":"<!-- This site is optimized with the Yoast SEO plugin v27.5 - https:\/\/yoast.com\/product\/yoast-seo-wordpress\/ -->\n<title>Brosch\u00fcren - HAK Perg<\/title>\n<meta name=\"description\" content=\"Brosch\u00fcren f\u00fcr die Handelsakademie und die Schule des Handelns Perg. Weiters findest du hier die Stundentafeln und Anmeldekriterien.\" \/>\n<meta name=\"robots\" content=\"index, follow, max-snippet:-1, max-image-preview:large, max-video-preview:-1\" \/>\n<link rel=\"canonical\" href=\"https:\/\/www.hak-perg.at\/at\/broschueren\/\" \/>\n<meta property=\"og:locale\" content=\"de_DE\" \/>\n<meta property=\"og:type\" content=\"article\" \/>\n<meta property=\"og:title\" content=\"Brosch\u00fcren - HAK Perg\" \/>\n<meta property=\"og:description\" content=\"Brosch\u00fcren f\u00fcr die Handelsakademie und die Schule des Handelns Perg. Weiters findest du hier die Stundentafeln und Anmeldekriterien.\" \/>\n<meta property=\"og:url\" content=\"https:\/\/www.hak-perg.at\/at\/broschueren\/\" \/>\n<meta property=\"og:site_name\" content=\"HAK Perg\" \/>\n<meta property=\"article:publisher\" content=\"https:\/\/www.facebook.com\/hakhasperg\" \/>\n<meta property=\"article:modified_time\" content=\"2020-10-09T15:38:24+00:00\" \/>\n<meta name=\"twitter:card\" content=\"summary_large_image\" \/>\n<meta name=\"twitter:label1\" content=\"Gesch\u00e4tzte Lesezeit\" \/>\n\t<meta name=\"twitter:data1\" content=\"3\u00a0Minuten\" \/>\n<script type=\"application\/ld+json\" class=\"yoast-schema-graph\">{\"@context\":\"https:\\\/\\\/schema.org\",\"@graph\":[{\"@type\":\"WebPage\",\"@id\":\"https:\\\/\\\/www.hak-perg.at\\\/at\\\/broschueren\\\/\",\"url\":\"https:\\\/\\\/www.hak-perg.at\\\/at\\\/broschueren\\\/\",\"name\":\"Brosch\u00fcren - HAK Perg\",\"isPartOf\":{\"@id\":\"https:\\\/\\\/www.hak-perg.at\\\/at\\\/#website\"},\"datePublished\":\"2020-10-09T15:37:01+00:00\",\"dateModified\":\"2020-10-09T15:38:24+00:00\",\"description\":\"Brosch\u00fcren f\u00fcr die Handelsakademie und die Schule des Handelns Perg. Weiters findest du hier die Stundentafeln und Anmeldekriterien.\",\"breadcrumb\":{\"@id\":\"https:\\\/\\\/www.hak-perg.at\\\/at\\\/broschueren\\\/#breadcrumb\"},\"inLanguage\":\"de\",\"potentialAction\":[{\"@type\":\"ReadAction\",\"target\":[\"https:\\\/\\\/www.hak-perg.at\\\/at\\\/broschueren\\\/\"]}]},{\"@type\":\"BreadcrumbList\",\"@id\":\"https:\\\/\\\/www.hak-perg.at\\\/at\\\/broschueren\\\/#breadcrumb\",\"itemListElement\":[{\"@type\":\"ListItem\",\"position\":1,\"name\":\"Startseite\",\"item\":\"https:\\\/\\\/www.hak-perg.at\\\/at\\\/\"},{\"@type\":\"ListItem\",\"position\":2,\"name\":\"Brosch\u00fcren\"}]},{\"@type\":\"WebSite\",\"@id\":\"https:\\\/\\\/www.hak-perg.at\\\/at\\\/#website\",\"url\":\"https:\\\/\\\/www.hak-perg.at\\\/at\\\/\",\"name\":\"HAK Perg\",\"description\":\"Bundeshandelsakademie und Bundeshandelsschule Perg\",\"potentialAction\":[{\"@type\":\"SearchAction\",\"target\":{\"@type\":\"EntryPoint\",\"urlTemplate\":\"https:\\\/\\\/www.hak-perg.at\\\/at\\\/?s={search_term_string}\"},\"query-input\":{\"@type\":\"PropertyValueSpecification\",\"valueRequired\":true,\"valueName\":\"search_term_string\"}}],\"inLanguage\":\"de\"}]}<\/script>\n<!-- \/ Yoast SEO plugin. -->","yoast_head_json":{"title":"Brosch\u00fcren - HAK Perg","description":"Brosch\u00fcren f\u00fcr die Handelsakademie und die Schule des Handelns Perg. Weiters findest du hier die Stundentafeln und Anmeldekriterien.","robots":{"index":"index","follow":"follow","max-snippet":"max-snippet:-1","max-image-preview":"max-image-preview:large","max-video-preview":"max-video-preview:-1"},"canonical":"https:\/\/www.hak-perg.at\/at\/broschueren\/","og_locale":"de_DE","og_type":"article","og_title":"Brosch\u00fcren - HAK Perg","og_description":"Brosch\u00fcren f\u00fcr die Handelsakademie und die Schule des Handelns Perg. Weiters findest du hier die Stundentafeln und Anmeldekriterien.","og_url":"https:\/\/www.hak-perg.at\/at\/broschueren\/","og_site_name":"HAK Perg","article_publisher":"https:\/\/www.facebook.com\/hakhasperg","article_modified_time":"2020-10-09T15:38:24+00:00","twitter_card":"summary_large_image","twitter_misc":{"Gesch\u00e4tzte Lesezeit":"3\u00a0Minuten"},"schema":{"@context":"https:\/\/schema.org","@graph":[{"@type":"WebPage","@id":"https:\/\/www.hak-perg.at\/at\/broschueren\/","url":"https:\/\/www.hak-perg.at\/at\/broschueren\/","name":"Brosch\u00fcren - HAK Perg","isPartOf":{"@id":"https:\/\/www.hak-perg.at\/at\/#website"},"datePublished":"2020-10-09T15:37:01+00:00","dateModified":"2020-10-09T15:38:24+00:00","description":"Brosch\u00fcren f\u00fcr die Handelsakademie und die Schule des Handelns Perg. Weiters findest du hier die Stundentafeln und Anmeldekriterien.","breadcrumb":{"@id":"https:\/\/www.hak-perg.at\/at\/broschueren\/#breadcrumb"},"inLanguage":"de","potentialAction":[{"@type":"ReadAction","target":["https:\/\/www.hak-perg.at\/at\/broschueren\/"]}]},{"@type":"BreadcrumbList","@id":"https:\/\/www.hak-perg.at\/at\/broschueren\/#breadcrumb","itemListElement":[{"@type":"ListItem","position":1,"name":"Startseite","item":"https:\/\/www.hak-perg.at\/at\/"},{"@type":"ListItem","position":2,"name":"Brosch\u00fcren"}]},{"@type":"WebSite","@id":"https:\/\/www.hak-perg.at\/at\/#website","url":"https:\/\/www.hak-perg.at\/at\/","name":"HAK Perg","description":"Bundeshandelsakademie und Bundeshandelsschule Perg","potentialAction":[{"@type":"SearchAction","target":{"@type":"EntryPoint","urlTemplate":"https:\/\/www.hak-perg.at\/at\/?s={search_term_string}"},"query-input":{"@type":"PropertyValueSpecification","valueRequired":true,"valueName":"search_term_string"}}],"inLanguage":"de"}]}},"_links":{"self":[{"href":"https:\/\/www.hak-perg.at\/at\/wp-json\/wp\/v2\/pages\/2777","targetHints":{"allow":["GET"]}}],"collection":[{"href":"https:\/\/www.hak-perg.at\/at\/wp-json\/wp\/v2\/pages"}],"about":[{"href":"https:\/\/www.hak-perg.at\/at\/wp-json\/wp\/v2\/types\/page"}],"author":[{"embeddable":true,"href":"https:\/\/www.hak-perg.at\/at\/wp-json\/wp\/v2\/users\/3"}],"replies":[{"embeddable":true,"href":"https:\/\/www.hak-perg.at\/at\/wp-json\/wp\/v2\/comments?post=2777"}],"version-history":[{"count":3,"href":"https:\/\/www.hak-perg.at\/at\/wp-json\/wp\/v2\/pages\/2777\/revisions"}],"predecessor-version":[{"id":2780,"href":"https:\/\/www.hak-perg.at\/at\/wp-json\/wp\/v2\/pages\/2777\/revisions\/2780"}],"wp:attachment":[{"href":"https:\/\/www.hak-perg.at\/at\/wp-json\/wp\/v2\/media?parent=2777"}],"curies":[{"name":"wp","href":"https:\/\/api.w.org\/{rel}","templated":true}]}}