{"id":887,"date":"2017-01-16T17:29:42","date_gmt":"2017-01-16T16:29:42","guid":{"rendered":"http:\/\/www.hak-perg.at\/at\/?page_id=887"},"modified":"2025-09-22T09:30:20","modified_gmt":"2025-09-22T07:30:20","slug":"mediathek","status":"publish","type":"page","link":"https:\/\/www.hak-perg.at\/at\/mediathek\/","title":{"rendered":"MEDIATHEK"},"content":{"rendered":"<p><div class=\"fusion-fullwidth fullwidth-box fusion-builder-row-1 nonhundred-percent-fullwidth non-hundred-percent-height-scrolling\" style=\"--awb-border-radius-top-left:0px;--awb-border-radius-top-right:0px;--awb-border-radius-bottom-right:0px;--awb-border-radius-bottom-left:0px;--awb-padding-top:20px;--awb-padding-bottom:20px;--awb-flex-wrap:wrap;\" ><div class=\"fusion-builder-row fusion-row\"><div class=\"fusion-layout-column fusion_builder_column fusion-builder-column-0 fusion_builder_column_1_1 1_1 fusion-one-full fusion-column-first fusion-column-last\" style=\"--awb-bg-blend:overlay;--awb-bg-size:cover;\"><div class=\"fusion-column-wrapper fusion-flex-column-wrapper-legacy\"><div class=\"fusion-image-element fusion-image-align-center in-legacy-container\" style=\"text-align:center;--awb-caption-title-font-family:var(--h2_typography-font-family);--awb-caption-title-font-weight:var(--h2_typography-font-weight);--awb-caption-title-font-style:var(--h2_typography-font-style);--awb-caption-title-size:var(--h2_typography-font-size);--awb-caption-title-transform:var(--h2_typography-text-transform);--awb-caption-title-line-height:var(--h2_typography-line-height);--awb-caption-title-letter-spacing:var(--h2_typography-letter-spacing);\"><div class=\"imageframe-align-center\"><span class=\" fusion-imageframe imageframe-none imageframe-1 hover-type-none\"><img data-dominant-color=\"e57787\" data-has-transparency=\"false\" style=\"--dominant-color: #e57787;\" decoding=\"async\" width=\"695\" height=\"702\" title=\"Oeffnungszeiten-Bibliothek-2025-26-150925\" src=\"https:\/\/www.hak-perg.at\/at\/wp-content\/uploads\/2025\/09\/Oeffnungszeiten-Bibliothek-2025-26-150925.avif\" data-orig-src=\"https:\/\/www.hak-perg.at\/at\/wp-content\/uploads\/2025\/09\/Oeffnungszeiten-Bibliothek-2025-26-150925.avif\" alt class=\"lazyload img-responsive wp-image-4946 not-transparent\" srcset=\"data:image\/svg+xml,%3Csvg%20xmlns%3D%27http%3A%2F%2Fwww.w3.org%2F2000%2Fsvg%27%20width%3D%27695%27%20height%3D%27702%27%20viewBox%3D%270%200%20695%20702%27%3E%3Crect%20width%3D%27695%27%20height%3D%27702%27%20fill-opacity%3D%220%22%2F%3E%3C%2Fsvg%3E\" data-srcset=\"https:\/\/www.hak-perg.at\/at\/wp-content\/uploads\/2025\/09\/Oeffnungszeiten-Bibliothek-2025-26-150925-200x202.avif 200w, https:\/\/www.hak-perg.at\/at\/wp-content\/uploads\/2025\/09\/Oeffnungszeiten-Bibliothek-2025-26-150925-400x404.avif 400w, https:\/\/www.hak-perg.at\/at\/wp-content\/uploads\/2025\/09\/Oeffnungszeiten-Bibliothek-2025-26-150925-600x606.avif 600w, https:\/\/www.hak-perg.at\/at\/wp-content\/uploads\/2025\/09\/Oeffnungszeiten-Bibliothek-2025-26-150925.avif 695w\" data-sizes=\"auto\" data-orig-sizes=\"(max-width: 800px) 100vw, 695px\" \/><\/span><\/div><\/div><div class=\"fusion-clearfix\"><\/div><\/div><\/div><\/div><\/div><div class=\"fusion-fullwidth fullwidth-box fusion-builder-row-2 nonhundred-percent-fullwidth non-hundred-percent-height-scrolling\" style=\"--awb-border-radius-top-left:0px;--awb-border-radius-top-right:0px;--awb-border-radius-bottom-right:0px;--awb-border-radius-bottom-left:0px;--awb-flex-wrap:wrap;\" ><div class=\"fusion-builder-row fusion-row\"><div class=\"fusion-layout-column fusion_builder_column fusion-builder-column-1 fusion_builder_column_1_1 1_1 fusion-one-full fusion-column-first fusion-column-last\" style=\"--awb-bg-blend:overlay;--awb-bg-size:cover;\"><div class=\"fusion-column-wrapper fusion-column-has-shadow fusion-flex-column-wrapper-legacy\"><div class=\"fusion-text fusion-text-1\"><p><strong>Recherche<\/strong><\/p>\n<p>Alle Medien, die &#8211; meist auf der Innenseite der hinteren Umschlagseite &#8211; ein Barcode-Etikett tragen, k\u00f6nnen f\u00fcr die Dauer von 3 Wochen entlehnt werden. Eine einmalige Verl\u00e4ngerung\u00a0 um maximal 2 Wochen ist unter Vorlage des Mediums m\u00f6glich.<\/p>\n<p>Medien ohne Barcode-Etikett sind ausschlie\u00dflich f\u00fcr die Verwendung in der Bibliothek vorgesehen<\/p>\n<p class=\"p1\"><a href=\"http:\/\/www.biblioweb.at\/borgperg\"><span class=\"s1\">http:\/\/www.biblioweb.at\/borgperg<\/span><\/a><\/p>\n<p><strong>Kosten<\/strong><\/p>\n<p>Das Entlehnen der Medien ist kostenlos. F\u00fcr allf\u00e4llige gr\u00f6bere Besch\u00e4digungen wird jedoch Kostenersatz verlangt, ebenso bei Verlust des Mediums.<\/p>\n<p>Nach Ablauf der Entlehnfrist, bzw. einer Verl\u00e4ngerung derselben, erfolgt eine erste Mahnung, im Abstand von je einer weiteren Woche die zweite bzw. dritte Mahnung.<\/p>\n<p>Diese Mahnungen sind kostenpflichtig mit folgenden S\u00e4tzen:<\/p>\n<ol>\n<li>Mahnung: \u20ac 0,70<\/li>\n<li>Mahnung: \u20ac 1,45<\/li>\n<li>Mahnung: \u20ac 2,90<\/li>\n<\/ol>\n<p>Sollte nach Ablauf einer Frist von einer weiteren Woche nach der dritten Mahnung das Medium noch immer nicht zur\u00fcckgegeben worden sein, wird davon ausgegangen, das es nicht mehr einbringbar ist und es wird auf Kosten der Entlehnerin\/des Entlehners neu angekauft.<\/p>\n<p>Diese Bedingungen wurden von den Schulgemeinschaftsaussch\u00fcssen beider Schulen angenommen und beschlossen.<\/p>\n<h1><\/h1>\n<\/div><div class=\"fusion-clearfix\"><\/div><\/div><\/div><\/div><\/div><\/p>\n","protected":false},"excerpt":{"rendered":"","protected":false},"author":1,"featured_media":0,"parent":0,"menu_order":0,"comment_status":"closed","ping_status":"closed","template":"","meta":{"inline_featured_image":false,"footnotes":""},"class_list":["post-887","page","type-page","status-publish","hentry"],"yoast_head":"<!-- This site is optimized with the Yoast SEO plugin v27.4 - https:\/\/yoast.com\/product\/yoast-seo-wordpress\/ -->\n<title>MEDIATHEK - HAK Perg<\/title>\n<meta name=\"robots\" content=\"index, follow, max-snippet:-1, max-image-preview:large, max-video-preview:-1\" \/>\n<link rel=\"canonical\" href=\"https:\/\/www.hak-perg.at\/at\/mediathek\/\" \/>\n<meta property=\"og:locale\" content=\"de_DE\" \/>\n<meta property=\"og:type\" content=\"article\" \/>\n<meta property=\"og:title\" content=\"MEDIATHEK - HAK Perg\" \/>\n<meta property=\"og:url\" content=\"https:\/\/www.hak-perg.at\/at\/mediathek\/\" \/>\n<meta property=\"og:site_name\" content=\"HAK Perg\" \/>\n<meta property=\"article:publisher\" content=\"https:\/\/www.facebook.com\/hakhasperg\" \/>\n<meta property=\"article:modified_time\" content=\"2025-09-22T07:30:20+00:00\" \/>\n<meta name=\"twitter:card\" content=\"summary_large_image\" \/>\n<meta name=\"twitter:label1\" content=\"Gesch\u00e4tzte Lesezeit\" \/>\n\t<meta name=\"twitter:data1\" content=\"2\u00a0Minuten\" \/>\n<script type=\"application\/ld+json\" class=\"yoast-schema-graph\">{\"@context\":\"https:\\\/\\\/schema.org\",\"@graph\":[{\"@type\":\"WebPage\",\"@id\":\"https:\\\/\\\/www.hak-perg.at\\\/at\\\/mediathek\\\/\",\"url\":\"https:\\\/\\\/www.hak-perg.at\\\/at\\\/mediathek\\\/\",\"name\":\"MEDIATHEK - HAK Perg\",\"isPartOf\":{\"@id\":\"https:\\\/\\\/www.hak-perg.at\\\/at\\\/#website\"},\"datePublished\":\"2017-01-16T16:29:42+00:00\",\"dateModified\":\"2025-09-22T07:30:20+00:00\",\"breadcrumb\":{\"@id\":\"https:\\\/\\\/www.hak-perg.at\\\/at\\\/mediathek\\\/#breadcrumb\"},\"inLanguage\":\"de\",\"potentialAction\":[{\"@type\":\"ReadAction\",\"target\":[\"https:\\\/\\\/www.hak-perg.at\\\/at\\\/mediathek\\\/\"]}]},{\"@type\":\"BreadcrumbList\",\"@id\":\"https:\\\/\\\/www.hak-perg.at\\\/at\\\/mediathek\\\/#breadcrumb\",\"itemListElement\":[{\"@type\":\"ListItem\",\"position\":1,\"name\":\"Startseite\",\"item\":\"https:\\\/\\\/www.hak-perg.at\\\/at\\\/\"},{\"@type\":\"ListItem\",\"position\":2,\"name\":\"MEDIATHEK\"}]},{\"@type\":\"WebSite\",\"@id\":\"https:\\\/\\\/www.hak-perg.at\\\/at\\\/#website\",\"url\":\"https:\\\/\\\/www.hak-perg.at\\\/at\\\/\",\"name\":\"HAK Perg\",\"description\":\"Bundeshandelsakademie und Bundeshandelsschule Perg\",\"potentialAction\":[{\"@type\":\"SearchAction\",\"target\":{\"@type\":\"EntryPoint\",\"urlTemplate\":\"https:\\\/\\\/www.hak-perg.at\\\/at\\\/?s={search_term_string}\"},\"query-input\":{\"@type\":\"PropertyValueSpecification\",\"valueRequired\":true,\"valueName\":\"search_term_string\"}}],\"inLanguage\":\"de\"}]}<\/script>\n<!-- \/ Yoast SEO plugin. -->","yoast_head_json":{"title":"MEDIATHEK - HAK Perg","robots":{"index":"index","follow":"follow","max-snippet":"max-snippet:-1","max-image-preview":"max-image-preview:large","max-video-preview":"max-video-preview:-1"},"canonical":"https:\/\/www.hak-perg.at\/at\/mediathek\/","og_locale":"de_DE","og_type":"article","og_title":"MEDIATHEK - HAK Perg","og_url":"https:\/\/www.hak-perg.at\/at\/mediathek\/","og_site_name":"HAK Perg","article_publisher":"https:\/\/www.facebook.com\/hakhasperg","article_modified_time":"2025-09-22T07:30:20+00:00","twitter_card":"summary_large_image","twitter_misc":{"Gesch\u00e4tzte Lesezeit":"2\u00a0Minuten"},"schema":{"@context":"https:\/\/schema.org","@graph":[{"@type":"WebPage","@id":"https:\/\/www.hak-perg.at\/at\/mediathek\/","url":"https:\/\/www.hak-perg.at\/at\/mediathek\/","name":"MEDIATHEK - HAK Perg","isPartOf":{"@id":"https:\/\/www.hak-perg.at\/at\/#website"},"datePublished":"2017-01-16T16:29:42+00:00","dateModified":"2025-09-22T07:30:20+00:00","breadcrumb":{"@id":"https:\/\/www.hak-perg.at\/at\/mediathek\/#breadcrumb"},"inLanguage":"de","potentialAction":[{"@type":"ReadAction","target":["https:\/\/www.hak-perg.at\/at\/mediathek\/"]}]},{"@type":"BreadcrumbList","@id":"https:\/\/www.hak-perg.at\/at\/mediathek\/#breadcrumb","itemListElement":[{"@type":"ListItem","position":1,"name":"Startseite","item":"https:\/\/www.hak-perg.at\/at\/"},{"@type":"ListItem","position":2,"name":"MEDIATHEK"}]},{"@type":"WebSite","@id":"https:\/\/www.hak-perg.at\/at\/#website","url":"https:\/\/www.hak-perg.at\/at\/","name":"HAK Perg","description":"Bundeshandelsakademie und Bundeshandelsschule Perg","potentialAction":[{"@type":"SearchAction","target":{"@type":"EntryPoint","urlTemplate":"https:\/\/www.hak-perg.at\/at\/?s={search_term_string}"},"query-input":{"@type":"PropertyValueSpecification","valueRequired":true,"valueName":"search_term_string"}}],"inLanguage":"de"}]}},"_links":{"self":[{"href":"https:\/\/www.hak-perg.at\/at\/wp-json\/wp\/v2\/pages\/887","targetHints":{"allow":["GET"]}}],"collection":[{"href":"https:\/\/www.hak-perg.at\/at\/wp-json\/wp\/v2\/pages"}],"about":[{"href":"https:\/\/www.hak-perg.at\/at\/wp-json\/wp\/v2\/types\/page"}],"author":[{"embeddable":true,"href":"https:\/\/www.hak-perg.at\/at\/wp-json\/wp\/v2\/users\/1"}],"replies":[{"embeddable":true,"href":"https:\/\/www.hak-perg.at\/at\/wp-json\/wp\/v2\/comments?post=887"}],"version-history":[{"count":39,"href":"https:\/\/www.hak-perg.at\/at\/wp-json\/wp\/v2\/pages\/887\/revisions"}],"predecessor-version":[{"id":4948,"href":"https:\/\/www.hak-perg.at\/at\/wp-json\/wp\/v2\/pages\/887\/revisions\/4948"}],"wp:attachment":[{"href":"https:\/\/www.hak-perg.at\/at\/wp-json\/wp\/v2\/media?parent=887"}],"curies":[{"name":"wp","href":"https:\/\/api.w.org\/{rel}","templated":true}]}}