{"id":921,"date":"2017-01-22T16:46:22","date_gmt":"2017-01-22T15:46:22","guid":{"rendered":"http:\/\/www.hak-perg.at\/at\/?page_id=921"},"modified":"2022-02-14T10:03:23","modified_gmt":"2022-02-14T09:03:23","slug":"schulaerztin","status":"publish","type":"page","link":"https:\/\/www.hak-perg.at\/at\/schulaerztin\/","title":{"rendered":"Schul\u00e4rztin"},"content":{"rendered":"<div class=\"fusion-fullwidth fullwidth-box fusion-builder-row-1 nonhundred-percent-fullwidth non-hundred-percent-height-scrolling\" style=\"--awb-border-radius-top-left:0px;--awb-border-radius-top-right:0px;--awb-border-radius-bottom-right:0px;--awb-border-radius-bottom-left:0px;--awb-padding-top:20px;--awb-padding-bottom:20px;--awb-flex-wrap:wrap;\" ><div class=\"fusion-builder-row fusion-row\"><div class=\"fusion-layout-column fusion_builder_column fusion-builder-column-0 fusion_builder_column_1_1 1_1 fusion-one-full fusion-column-first fusion-column-last\" style=\"--awb-bg-size:cover;\"><div class=\"fusion-column-wrapper fusion-flex-column-wrapper-legacy\"><div class=\"fusion-title title fusion-title-1 fusion-title-text fusion-title-size-one\" style=\"--awb-margin-top:3cm;--awb-margin-bottom:1cm;\"><h1 class=\"fusion-title-heading title-heading-left fusion-responsive-typography-calculated\" style=\"margin:0;--fontSize:48;line-height:1.1;\">Schul\u00e4rztin<\/h1><span class=\"awb-title-spacer\"><\/span><div class=\"title-sep-container\"><div class=\"title-sep sep-single sep-solid\" style=\"border-color:#e0dede;\"><\/div><\/div><\/div><div class=\"fusion-text fusion-text-1\"><table width=\"488\">\n<tbody>\n<tr>\n<td>Als Schul\u00e4rztin stehe ich allen Sch\u00fclerInnen bei Fragen zu Gesundheitsthemen &#8211; auch au\u00dferhalb der schul\u00e4rztlichen Untersuchung &#8211; im Rahmen eines pers\u00f6nlichen Gespr\u00e4chs gerne zur Verf\u00fcgung.<\/p>\n<p>Dienstag 8:00 &#8211; 11:30 Uhr<br \/>\nDonnerstag 11:10 &#8211; 14:40 Uhr<\/p>\n<p>Bei spezifischen Fragen oder in akuten Krisensituationen k\u00f6nnen Sie sich auch an folgende Stellen wenden:<\/p>\n<table>\n<tbody>\n<tr>\n<td>\n<table>\n<tbody>\n<tr>\n<td>\n<table>\n<tbody>\n<tr>\n<td colspan=\"2\"><strong>Fragen zu psychischen Problemen <\/strong><\/td>\n<td><\/td>\n<\/tr>\n<tr>\n<td>Neuromed Campus Linz<br \/>\n(ehemaliges Wagner-Jauregg-KH)<\/td>\n<td><a href=\"https:\/\/www.kepleruniklinikum.at\/services\/fuer-patientinnen-und-patienten\/aufenthalt-am-neuromed-campus\/\">Neuromed Campus Linz<\/a><\/td>\n<td><\/td>\n<\/tr>\n<tr>\n<td>pro mente Perg<\/td>\n<td><a href=\"http:\/\/www.pmooe.at\">www.pmooe.at<\/a><\/td>\n<td><\/td>\n<\/tr>\n<tr>\n<td>KH Steyr &#8211; Abteilung f. Kinder-<br \/>\nund Jugendheilkunde<\/td>\n<td><a href=\"http:\/\/www.lkh-steyr.at\">www.lkh-steyr.at<\/a><\/td>\n<td><\/td>\n<\/tr>\n<tr>\n<td>Gewalt \/ Misshandlung-Missbrauch<\/td>\n<td><a href=\"http:\/\/www.kinderschutz-linz.at\">www.kinderschutz-linz.at<\/a><\/td>\n<td><\/td>\n<\/tr>\n<tr>\n<td><\/td>\n<td><a href=\"https:\/\/www.kepleruniklinikum.at\/versorgung\/kliniken\/psychiatrie-und-psychosomatik-des-kindes-und-jugendalters\/was-wir-tun\/\">Med Campus IV, Linz<\/a><\/td>\n<td><\/td>\n<\/tr>\n<tr>\n<td><\/td>\n<td><\/td>\n<td><\/td>\n<\/tr>\n<tr>\n<td colspan=\"2\"><strong>Fragen zum Thema Essst\u00f6rungen<\/strong><\/td>\n<td><\/td>\n<\/tr>\n<tr>\n<td>Med Campus IV (ehemalige Kinderklinik)<\/td>\n<td><a href=\"https:\/\/www.kepleruniklinikum.at\/versorgung\/kliniken\/kinder-und-jugendheilkunde\/was-wir-tun\/\">Med Campus IV, Linz<\/a><\/td>\n<td><\/td>\n<\/tr>\n<tr>\n<td>MVZ &#8211; Hilfe f\u00fcr Menschen mit Essst\u00f6rungen<br \/>\n(ehemaliges Wagner-Jauregg-KH)<\/td>\n<td><a href=\"https:\/\/www.kepleruniklinikum.at\/versorgung\/departments\/psychosomatik\/ambulanzen\/\">Neuromed Campus Linz<\/a><\/td>\n<td><\/td>\n<\/tr>\n<tr>\n<td>Department f\u00fcr Psychosomatik<\/td>\n<td><a href=\"http:\/\/www.lkh-steyr.at\/fachbereiche\/psychiatrie-und-psychotherapeutische-medizin.html\">LKH Steyr<\/a><\/td>\n<td><\/td>\n<\/tr>\n<tr>\n<td><\/td>\n<td><\/td>\n<td><\/td>\n<\/tr>\n<tr>\n<td colspan=\"2\"><strong>Fragen zum Thema Sexualit\u00e4t\/Homosexualit\u00e4t <\/strong><\/td>\n<td><\/td>\n<\/tr>\n<tr>\n<td>First-Love Ambulanz Linz<\/td>\n<td><a href=\"http:\/\/firstlove.linz.at\">firstlove.linz.at<\/a><\/td>\n<td><\/td>\n<\/tr>\n<tr>\n<td>BILY Linz<\/td>\n<td><a href=\"http:\/\/www.bily.info\">www.bily.info<\/a><\/td>\n<td><\/td>\n<\/tr>\n<tr>\n<td>Aidshilfe O\u00d6<\/td>\n<td><a href=\"http:\/\/www.aidshilfe-ooe.at\">www.aidshilfe-ooe.at<\/a><\/td>\n<td><\/td>\n<\/tr>\n<tr>\n<td><\/td>\n<td><\/td>\n<td><\/td>\n<\/tr>\n<tr>\n<td colspan=\"4\"><strong>Fragen zum Thema &#8220;K\u00f6rperliche Beeintr\u00e4chtigung <\/strong><\/td>\n<\/tr>\n<tr>\n<td>Lifetool<\/td>\n<td><a href=\"http:\/\/www.lifetool.at\">www.lifetool.at<\/a><\/td>\n<td><\/td>\n<td><\/td>\n<\/tr>\n<tr>\n<td><\/td>\n<td><\/td>\n<td><\/td>\n<td><\/td>\n<\/tr>\n<tr>\n<td colspan=\"4\"><strong>Fragen zum Thema Sucht<\/strong><\/td>\n<\/tr>\n<tr>\n<td>Inst. f\u00fcr Suchtpr\u00e4vention<\/td>\n<td><a href=\"http:\/\/www.praevention.at\">www.praevention.at<\/a><\/td>\n<td><\/td>\n<td><\/td>\n<\/tr>\n<tr>\n<td>Neuromed Campus Linz<br \/>\n(ehemaliges Wagner-Jauregg-KH)<\/td>\n<td><a href=\"https:\/\/www.kepleruniklinikum.at\/services\/fuer-patientinnen-und-patienten\/aufenthalt-am-neuromed-campus\/\">Neuomed Campus Linz<\/a><\/td>\n<td><\/td>\n<td><\/td>\n<\/tr>\n<\/tbody>\n<\/table>\n<\/td>\n<\/tr>\n<\/tbody>\n<\/table>\n<\/td>\n<td>\n<table>\n<tbody>\n<tr>\n<td>\n<table>\n<tbody>\n<tr>\n<td><strong>Telefonnotrufe<\/strong><\/td>\n<\/tr>\n<tr>\n<td><strong>Telefonseelsorge \/ Bundesweit<\/strong><br \/>\nTel: 142 (t\u00e4glich 0-24 Uhr)<br \/>\n<a href=\"http:\/\/www.telefonseelsorge.at\">www.telefonseelsorge.at<\/a><\/td>\n<\/tr>\n<tr>\n<td><strong>Vergiftungszentrage AKH Wien<\/strong><br \/>\nNotruf.: 01 406 43 43 (t\u00e4glich 0-24Uhr)<\/td>\n<\/tr>\n<tr>\n<td><strong>24 &#8211; Stunden Frauennotruf der Stadt Wien<\/strong><br \/>\nTel:71 71 9 (t\u00e4glich 0-24Uhr)<br \/>\n<a href=\"http:\/\/www.frauennotruf.wien.at\">www.frauennotruf.wien.at<\/a><\/td>\n<\/tr>\n<tr>\n<td><strong>Frauen Helpline gegen M\u00e4nnergewalt \/ Bundesweit<br \/>\n<\/strong>Tel: 0800-222 555 geb\u00fcrenfrei (t\u00e4glich 0-24 Uhr)<br \/>\n<a href=\"http:\/\/www.frauenhelpline.at\">www.frauenhelpline.at<\/a><\/td>\n<\/tr>\n<tr>\n<td><strong>Rat auf Draht \/ Bundesweit<\/strong><br \/>\nTelefonhilfe f\u00fcr Kinder und Jugendliche<br \/>\nTel.:147 (t\u00e4glich 0-24 Uhr)<br \/>\n<a href=\"http:\/\/www.rataufdraht.at\">www.rataufdraht.at<\/a><\/td>\n<\/tr>\n<tr>\n<td><strong>Kummernummer \/ Bundesweit<br \/>\n<\/strong>Tel: 0800\/600 607 (t\u00e4glich 16-24 Uhr)<br \/>\nEmail:<\/td>\n<\/tr>\n<tr>\n<td><strong>Drogen-Hotline \/ Bundesweit<\/strong><br \/>\n0810 20 88 77<br \/>\nMo, Fr 9.30-12 Uhr,Di,Do 9.30-13 und 14-16 Uhr<br \/>\n<a href=\"http:\/\/www.api.or.at\">www.api.or.at<\/a><\/td>\n<\/tr>\n<tr>\n<td><strong>Kriseninterventionszentrum Linz<\/strong><br \/>\nHessenplatz 9, 4020 Linz<br \/>\nTel: 0732\/21 77<br \/>\nMo-Do 8-17, Fr 8-19 Uhr<br \/>\n<a href=\"http:\/\/www.pmooe.at\">www.pmooe.at<\/a><\/td>\n<\/tr>\n<tr>\n<td><strong>Psychosozialer Notdienst O\u00d6<\/strong><br \/>\nFigulystr. 34 , 4020 Linz<br \/>\n0732\/651015 (t\u00e4glich 0-24 Uhr)<\/td>\n<\/tr>\n<tr>\n<td><strong>Neuromed Campus Linz<br \/>\n<\/strong>(ehemaliges Wagner-Jauregg-KH)<br \/>\nWagner-Jauregg-Weg 15, 4020 Linz<br \/>\n050554\/62-0<\/td>\n<\/tr>\n<\/tbody>\n<\/table>\n<\/td>\n<\/tr>\n<\/tbody>\n<\/table>\n<\/td>\n<\/tr>\n<\/tbody>\n<\/table>\n<p><strong>Legasthenie-Diagnostik<\/strong><\/p>\n<p>Im folgenden finden Sie eine Liste von Institutionen, die aus der Sicht des Landesschulrates f\u00fcr O\u00d6 die fachlichen Qualit\u00e4tskriterien f\u00fcr die Legasthenie-Diagnostik erf\u00fcllen.<\/p>\n<table>\n<tbody>\n<tr>\n<td><strong>Krankenhaus der Barmherzigen Br\u00fcder, Institut f\u00fcr Sinnes- und Sprachneurologie<\/strong><br \/>\n4021 Linz, Bischofstra\u00dfe 11, Tel. 0732 \/ 7897-24900<\/td>\n<\/tr>\n<tr>\n<td><strong>Med Campus IV Linz, Abteilung Kinder- und Jugendneuropsychiatrie<\/strong><br \/>\n4020 Linz, Krankenhausstra\u00dfe 26-30, Tel. 05 7680 84-25150<\/td>\n<\/tr>\n<tr>\n<td><strong>Neuromed Campus Linz, Abteilung Jugendpsychiatrie<\/strong><br \/>\n4020 Linz, Wagner-Jauregg-Weg 15, Tel. 050 554 \/ 62-25100<\/td>\n<\/tr>\n<tr>\n<td><strong>Krankenhaus Steyr, Abteilung f\u00fcr Kinder- und Jugendheilkunde<\/strong><br \/>\n4400 Steyr, Sierningerstra\u00dfe 170, Tel. 050 554\/66-24801<\/td>\n<\/tr>\n<tr>\n<td><strong>Krankenhaus V\u00f6cklabruck, Abteilung f\u00fcr Kinder- und Jugendheilkunde<\/strong><br \/>\n4840 V\u00f6cklabruck, Dr.-Wilhelm-Bock-Stra\u00dfe 1, Tel. 050 554\/71-24862<\/td>\n<\/tr>\n<tr>\n<td><strong>Institut f\u00fcr Familien- und Jugendberatung der Stadt Linz<\/strong><br \/>\n4040 Linz, Rudolfstra\u00dfe 18, Tel. 0732 \/ 7070-2700 (nur f\u00fcr Linz)<\/td>\n<\/tr>\n<tr>\n<td><strong>Zentrum Spattstra\u00dfe, Familien- und Erziehungsberatung<\/strong><br \/>\n4030 Linz, Willingerstra\u00dfe 21, Tel. 0732 \/ 34 92 71-0<\/td>\n<\/tr>\n<tr>\n<td><strong>Institut Legasthenie, O\u00d6 Hilfswerk GmbH<\/strong><br \/>\n4020 Linz Teuflstra\u00dfe 7, Tel. 0732 \/ 90 80 55<\/td>\n<\/tr>\n<tr>\n<td><strong>Ambulatorium St. Isidor der Caritas der Di\u00f6zese Linz<\/strong><br \/>\n4060 Leonding, St. Isidor 6, Tel. 0732 \/ 6791-7305<\/td>\n<\/tr>\n<tr>\n<td><strong>Kinderhilfswerk<\/strong><br \/>\nStifterstra\u00dfe 28, 4020 Linz, Tel.: 0732\/791617, Fax: 0732\/791617 \u2013 20<\/td>\n<\/tr>\n<tr>\n<td><strong>Bezirk Linz<\/strong><br \/>\nMag. Beate Graf<br \/>\nJohann-Konrad-Vogel-Stra\u00dfe 13, 4020 Linz, Tel.: 0664\/4881120, Fax: 0732\/770561<\/td>\n<\/tr>\n<tr>\n<td><strong>Bezirk Urfahr-Umgebung<\/strong><br \/>\nDr. Herwig Prorok<br \/>\nAubergstra\u00dfe 8, 4040 Linz, Tel.: 0676\/55697 23, Fax: 0732\/700459<\/td>\n<\/tr>\n<tr>\n<td><strong>Bezirk Rohrbach<\/strong><br \/>\nMMag. Gernot Schauer<br \/>\nAkademiestra\u00dfe 15, 4150 Rohrbach, Gaisberg 30, 4113 St. Martin\/M\u00fchlkreis, Tel.: 0699\/17232372<\/td>\n<\/tr>\n<\/tbody>\n<\/table>\n<\/td>\n<\/tr>\n<\/tbody>\n<\/table>\n<\/div><div class=\"fusion-clearfix\"><\/div><\/div><\/div><\/div><\/div>\n","protected":false},"excerpt":{"rendered":"","protected":false},"author":1,"featured_media":0,"parent":0,"menu_order":0,"comment_status":"closed","ping_status":"closed","template":"","meta":{"inline_featured_image":false,"footnotes":""},"class_list":["post-921","page","type-page","status-publish","hentry"],"yoast_head":"<!-- This site is optimized with the Yoast SEO plugin v27.4 - https:\/\/yoast.com\/product\/yoast-seo-wordpress\/ -->\n<title>Schul\u00e4rztin - HAK Perg<\/title>\n<meta name=\"robots\" content=\"index, follow, max-snippet:-1, max-image-preview:large, max-video-preview:-1\" \/>\n<link rel=\"canonical\" href=\"https:\/\/www.hak-perg.at\/at\/schulaerztin\/\" \/>\n<meta property=\"og:locale\" content=\"de_DE\" \/>\n<meta property=\"og:type\" content=\"article\" \/>\n<meta property=\"og:title\" content=\"Schul\u00e4rztin - HAK Perg\" \/>\n<meta property=\"og:url\" content=\"https:\/\/www.hak-perg.at\/at\/schulaerztin\/\" \/>\n<meta property=\"og:site_name\" content=\"HAK Perg\" \/>\n<meta property=\"article:publisher\" content=\"https:\/\/www.facebook.com\/hakhasperg\" \/>\n<meta property=\"article:modified_time\" content=\"2022-02-14T09:03:23+00:00\" \/>\n<meta name=\"twitter:card\" content=\"summary_large_image\" \/>\n<meta name=\"twitter:label1\" content=\"Gesch\u00e4tzte Lesezeit\" \/>\n\t<meta name=\"twitter:data1\" content=\"3\u00a0Minuten\" \/>\n<script type=\"application\/ld+json\" class=\"yoast-schema-graph\">{\"@context\":\"https:\\\/\\\/schema.org\",\"@graph\":[{\"@type\":\"WebPage\",\"@id\":\"https:\\\/\\\/www.hak-perg.at\\\/at\\\/schulaerztin\\\/\",\"url\":\"https:\\\/\\\/www.hak-perg.at\\\/at\\\/schulaerztin\\\/\",\"name\":\"Schul\u00e4rztin - HAK Perg\",\"isPartOf\":{\"@id\":\"https:\\\/\\\/www.hak-perg.at\\\/at\\\/#website\"},\"datePublished\":\"2017-01-22T15:46:22+00:00\",\"dateModified\":\"2022-02-14T09:03:23+00:00\",\"breadcrumb\":{\"@id\":\"https:\\\/\\\/www.hak-perg.at\\\/at\\\/schulaerztin\\\/#breadcrumb\"},\"inLanguage\":\"de\",\"potentialAction\":[{\"@type\":\"ReadAction\",\"target\":[\"https:\\\/\\\/www.hak-perg.at\\\/at\\\/schulaerztin\\\/\"]}]},{\"@type\":\"BreadcrumbList\",\"@id\":\"https:\\\/\\\/www.hak-perg.at\\\/at\\\/schulaerztin\\\/#breadcrumb\",\"itemListElement\":[{\"@type\":\"ListItem\",\"position\":1,\"name\":\"Startseite\",\"item\":\"https:\\\/\\\/www.hak-perg.at\\\/at\\\/\"},{\"@type\":\"ListItem\",\"position\":2,\"name\":\"Schul\u00e4rztin\"}]},{\"@type\":\"WebSite\",\"@id\":\"https:\\\/\\\/www.hak-perg.at\\\/at\\\/#website\",\"url\":\"https:\\\/\\\/www.hak-perg.at\\\/at\\\/\",\"name\":\"HAK Perg\",\"description\":\"Bundeshandelsakademie und Bundeshandelsschule Perg\",\"potentialAction\":[{\"@type\":\"SearchAction\",\"target\":{\"@type\":\"EntryPoint\",\"urlTemplate\":\"https:\\\/\\\/www.hak-perg.at\\\/at\\\/?s={search_term_string}\"},\"query-input\":{\"@type\":\"PropertyValueSpecification\",\"valueRequired\":true,\"valueName\":\"search_term_string\"}}],\"inLanguage\":\"de\"}]}<\/script>\n<!-- \/ Yoast SEO plugin. -->","yoast_head_json":{"title":"Schul\u00e4rztin - HAK Perg","robots":{"index":"index","follow":"follow","max-snippet":"max-snippet:-1","max-image-preview":"max-image-preview:large","max-video-preview":"max-video-preview:-1"},"canonical":"https:\/\/www.hak-perg.at\/at\/schulaerztin\/","og_locale":"de_DE","og_type":"article","og_title":"Schul\u00e4rztin - HAK Perg","og_url":"https:\/\/www.hak-perg.at\/at\/schulaerztin\/","og_site_name":"HAK Perg","article_publisher":"https:\/\/www.facebook.com\/hakhasperg","article_modified_time":"2022-02-14T09:03:23+00:00","twitter_card":"summary_large_image","twitter_misc":{"Gesch\u00e4tzte Lesezeit":"3\u00a0Minuten"},"schema":{"@context":"https:\/\/schema.org","@graph":[{"@type":"WebPage","@id":"https:\/\/www.hak-perg.at\/at\/schulaerztin\/","url":"https:\/\/www.hak-perg.at\/at\/schulaerztin\/","name":"Schul\u00e4rztin - HAK Perg","isPartOf":{"@id":"https:\/\/www.hak-perg.at\/at\/#website"},"datePublished":"2017-01-22T15:46:22+00:00","dateModified":"2022-02-14T09:03:23+00:00","breadcrumb":{"@id":"https:\/\/www.hak-perg.at\/at\/schulaerztin\/#breadcrumb"},"inLanguage":"de","potentialAction":[{"@type":"ReadAction","target":["https:\/\/www.hak-perg.at\/at\/schulaerztin\/"]}]},{"@type":"BreadcrumbList","@id":"https:\/\/www.hak-perg.at\/at\/schulaerztin\/#breadcrumb","itemListElement":[{"@type":"ListItem","position":1,"name":"Startseite","item":"https:\/\/www.hak-perg.at\/at\/"},{"@type":"ListItem","position":2,"name":"Schul\u00e4rztin"}]},{"@type":"WebSite","@id":"https:\/\/www.hak-perg.at\/at\/#website","url":"https:\/\/www.hak-perg.at\/at\/","name":"HAK Perg","description":"Bundeshandelsakademie und Bundeshandelsschule Perg","potentialAction":[{"@type":"SearchAction","target":{"@type":"EntryPoint","urlTemplate":"https:\/\/www.hak-perg.at\/at\/?s={search_term_string}"},"query-input":{"@type":"PropertyValueSpecification","valueRequired":true,"valueName":"search_term_string"}}],"inLanguage":"de"}]}},"_links":{"self":[{"href":"https:\/\/www.hak-perg.at\/at\/wp-json\/wp\/v2\/pages\/921","targetHints":{"allow":["GET"]}}],"collection":[{"href":"https:\/\/www.hak-perg.at\/at\/wp-json\/wp\/v2\/pages"}],"about":[{"href":"https:\/\/www.hak-perg.at\/at\/wp-json\/wp\/v2\/types\/page"}],"author":[{"embeddable":true,"href":"https:\/\/www.hak-perg.at\/at\/wp-json\/wp\/v2\/users\/1"}],"replies":[{"embeddable":true,"href":"https:\/\/www.hak-perg.at\/at\/wp-json\/wp\/v2\/comments?post=921"}],"version-history":[{"count":6,"href":"https:\/\/www.hak-perg.at\/at\/wp-json\/wp\/v2\/pages\/921\/revisions"}],"predecessor-version":[{"id":4329,"href":"https:\/\/www.hak-perg.at\/at\/wp-json\/wp\/v2\/pages\/921\/revisions\/4329"}],"wp:attachment":[{"href":"https:\/\/www.hak-perg.at\/at\/wp-json\/wp\/v2\/media?parent=921"}],"curies":[{"name":"wp","href":"https:\/\/api.w.org\/{rel}","templated":true}]}}